{"id":10,"date":"2017-02-15T17:13:00","date_gmt":"2017-02-15T17:13:00","guid":{"rendered":"http:\/\/chmc.es\/wordpress\/?page_id=10"},"modified":"2025-02-11T12:42:22","modified_gmt":"2025-02-11T12:42:22","slug":"inicio","status":"publish","type":"page","link":"https:\/\/chmc.es\/wordpress\/","title":{"rendered":"Inicio"},"content":{"rendered":"<p style=\"text-align: center;\"><strong>Atenci\u00f3n Psicol\u00f3gica en Cornell\u00e0.<\/strong><br \/><strong> Ni\u00f1os &#8211; adolescentes &#8211; adultos<\/strong><\/p>\n<p style=\"text-align: center;\"><style type=\"text\/css\">\n\t<!-- @page { margin: 2cm } P { margin-bottom: 0.21cm } --><br \/>\t<\/style><\/p>\n<p><img loading=\"lazy\" decoding=\"async\" class=\"alignnone size-full wp-image-763\" src=\"https:\/\/chmc.es\/wordpress\/wp-content\/uploads\/2025\/02\/triptico-CAS-2-.png\" alt=\"\" width=\"2000\" height=\"1414\" srcset=\"https:\/\/chmc.es\/wordpress\/wp-content\/uploads\/2025\/02\/triptico-CAS-2-.png 2000w, https:\/\/chmc.es\/wordpress\/wp-content\/uploads\/2025\/02\/triptico-CAS-2--300x212.png 300w, https:\/\/chmc.es\/wordpress\/wp-content\/uploads\/2025\/02\/triptico-CAS-2--1024x724.png 1024w, https:\/\/chmc.es\/wordpress\/wp-content\/uploads\/2025\/02\/triptico-CAS-2--768x543.png 768w, https:\/\/chmc.es\/wordpress\/wp-content\/uploads\/2025\/02\/triptico-CAS-2--1536x1086.png 1536w\" sizes=\"auto, (max-width: 2000px) 100vw, 2000px\" \/><\/p>\n\n\n<p style=\"text-align: center;\"><strong>El malestar emocional se manifiesta a trav\u00e9s de s\u00edntomas diversos y de dificultades con el entorno. Hablar de estas situaciones con un profesional que pueda escuchar y acompa\u00f1ar, ayuda a encontrar un nuevo sentido y recuperar&nbsp;las capacidades para la vida. Los ni\u00f1os, cuando no pueden expresarse con palabras, suelen hacerlo a trav\u00e9s del juego o del dibujo. La orientaci\u00f3n a padres, los problemas de aprendizaje, las dificultades sexuales y familiares, la agresividad, los miedos, la depresi\u00f3n,&nbsp;las obsesiones\u2026 son los diversos aspectos de nuestro trabajo profesional en el CHMC.<\/strong><\/p>\n<p style=\"text-align: center;\"><a href=\"https:\/\/chmc.es\/wordpress\/?page_id=100\"><em><strong>\u00a1Preg\u00fantanos si tienes dudas!<\/strong><\/em><\/a><\/p>\n<p>&nbsp;<\/p>\n\n\n\n\n\n\n","protected":false},"excerpt":{"rendered":"<p>Atenci\u00f3n Psicol\u00f3gica en Cornell\u00e0. Ni\u00f1os &#8211; adolescentes &#8211; adultos El malestar emocional se manifiesta a trav\u00e9s de s\u00edntomas diversos y de dificultades con el entorno. Hablar de estas situaciones con un profesional que pueda escuchar y acompa\u00f1ar, ayuda a encontrar &hellip; <a href=\"https:\/\/chmc.es\/wordpress\/\">Continuar<\/a><\/p>\n","protected":false},"author":1,"featured_media":0,"parent":0,"menu_order":0,"comment_status":"closed","ping_status":"closed","template":"","meta":{"kt_blocks_editor_width":"","footnotes":""},"class_list":["post-10","page","type-page","status-publish","hentry"],"yoast_head":"<!-- This site is optimized with the Yoast SEO plugin v27.1.1 - https:\/\/yoast.com\/product\/yoast-seo-wordpress\/ -->\n<title>Inicio - CHMC<\/title>\n<meta name=\"robots\" content=\"index, follow, max-snippet:-1, max-image-preview:large, max-video-preview:-1\" \/>\n<link rel=\"canonical\" href=\"https:\/\/chmc.es\/wordpress\/\" \/>\n<meta property=\"og:locale\" content=\"es_ES\" \/>\n<meta property=\"og:type\" content=\"article\" \/>\n<meta property=\"og:title\" content=\"Inicio - CHMC\" \/>\n<meta property=\"og:description\" content=\"Atenci\u00f3n Psicol\u00f3gica en Cornell\u00e0. Ni\u00f1os &#8211; adolescentes &#8211; adultos El malestar emocional se manifiesta a trav\u00e9s de s\u00edntomas diversos y de dificultades con el entorno. Hablar de estas situaciones con un profesional que pueda escuchar y acompa\u00f1ar, ayuda a encontrar &hellip; Continuar\" \/>\n<meta property=\"og:url\" content=\"https:\/\/chmc.es\/wordpress\/\" \/>\n<meta property=\"og:site_name\" content=\"CHMC\" \/>\n<meta property=\"article:modified_time\" content=\"2025-02-11T12:42:22+00:00\" \/>\n<meta property=\"og:image\" content=\"https:\/\/chmc.es\/wordpress\/wp-content\/uploads\/2025\/02\/triptico-CAS-2-.png\" \/>\n<meta name=\"twitter:card\" content=\"summary_large_image\" \/>\n<meta name=\"twitter:label1\" content=\"Tiempo de lectura\" \/>\n\t<meta name=\"twitter:data1\" content=\"1 minuto\" \/>\n<script type=\"application\/ld+json\" class=\"yoast-schema-graph\">{\"@context\":\"https:\/\/schema.org\",\"@graph\":[{\"@type\":\"WebPage\",\"@id\":\"https:\/\/chmc.es\/wordpress\/\",\"url\":\"https:\/\/chmc.es\/wordpress\/\",\"name\":\"Inicio - CHMC\",\"isPartOf\":{\"@id\":\"https:\/\/chmc.es\/wordpress\/#website\"},\"primaryImageOfPage\":{\"@id\":\"https:\/\/chmc.es\/wordpress\/#primaryimage\"},\"image\":{\"@id\":\"https:\/\/chmc.es\/wordpress\/#primaryimage\"},\"thumbnailUrl\":\"https:\/\/chmc.es\/wordpress\/wp-content\/uploads\/2025\/02\/triptico-CAS-2-.png\",\"datePublished\":\"2017-02-15T17:13:00+00:00\",\"dateModified\":\"2025-02-11T12:42:22+00:00\",\"breadcrumb\":{\"@id\":\"https:\/\/chmc.es\/wordpress\/#breadcrumb\"},\"inLanguage\":\"es\",\"potentialAction\":[{\"@type\":\"ReadAction\",\"target\":[\"https:\/\/chmc.es\/wordpress\/\"]}]},{\"@type\":\"ImageObject\",\"inLanguage\":\"es\",\"@id\":\"https:\/\/chmc.es\/wordpress\/#primaryimage\",\"url\":\"https:\/\/chmc.es\/wordpress\/wp-content\/uploads\/2025\/02\/triptico-CAS-2-.png\",\"contentUrl\":\"https:\/\/chmc.es\/wordpress\/wp-content\/uploads\/2025\/02\/triptico-CAS-2-.png\",\"width\":2000,\"height\":1414},{\"@type\":\"BreadcrumbList\",\"@id\":\"https:\/\/chmc.es\/wordpress\/#breadcrumb\",\"itemListElement\":[{\"@type\":\"ListItem\",\"position\":1,\"name\":\"Portada\",\"item\":\"https:\/\/chmc.es\/wordpress\/\"},{\"@type\":\"ListItem\",\"position\":2,\"name\":\"Inicio\"}]},{\"@type\":\"WebSite\",\"@id\":\"https:\/\/chmc.es\/wordpress\/#website\",\"url\":\"https:\/\/chmc.es\/wordpress\/\",\"name\":\"CHMC\",\"description\":\"PSICOLOGIA\",\"publisher\":{\"@id\":\"https:\/\/chmc.es\/wordpress\/#organization\"},\"potentialAction\":[{\"@type\":\"SearchAction\",\"target\":{\"@type\":\"EntryPoint\",\"urlTemplate\":\"https:\/\/chmc.es\/wordpress\/?s={search_term_string}\"},\"query-input\":{\"@type\":\"PropertyValueSpecification\",\"valueRequired\":true,\"valueName\":\"search_term_string\"}}],\"inLanguage\":\"es\"},{\"@type\":\"Organization\",\"@id\":\"https:\/\/chmc.es\/wordpress\/#organization\",\"name\":\"CHMC\",\"url\":\"https:\/\/chmc.es\/wordpress\/\",\"logo\":{\"@type\":\"ImageObject\",\"inLanguage\":\"es\",\"@id\":\"https:\/\/chmc.es\/wordpress\/#\/schema\/logo\/image\/\",\"url\":\"https:\/\/chmc.es\/wordpress\/wp-content\/uploads\/2025\/02\/chmc.jpg\",\"contentUrl\":\"https:\/\/chmc.es\/wordpress\/wp-content\/uploads\/2025\/02\/chmc.jpg\",\"width\":1080,\"height\":1080,\"caption\":\"CHMC\"},\"image\":{\"@id\":\"https:\/\/chmc.es\/wordpress\/#\/schema\/logo\/image\/\"}}]}<\/script>\n<!-- \/ Yoast SEO plugin. -->","yoast_head_json":{"title":"Inicio - CHMC","robots":{"index":"index","follow":"follow","max-snippet":"max-snippet:-1","max-image-preview":"max-image-preview:large","max-video-preview":"max-video-preview:-1"},"canonical":"https:\/\/chmc.es\/wordpress\/","og_locale":"es_ES","og_type":"article","og_title":"Inicio - CHMC","og_description":"Atenci\u00f3n Psicol\u00f3gica en Cornell\u00e0. Ni\u00f1os &#8211; adolescentes &#8211; adultos El malestar emocional se manifiesta a trav\u00e9s de s\u00edntomas diversos y de dificultades con el entorno. Hablar de estas situaciones con un profesional que pueda escuchar y acompa\u00f1ar, ayuda a encontrar &hellip; Continuar","og_url":"https:\/\/chmc.es\/wordpress\/","og_site_name":"CHMC","article_modified_time":"2025-02-11T12:42:22+00:00","og_image":[{"url":"https:\/\/chmc.es\/wordpress\/wp-content\/uploads\/2025\/02\/triptico-CAS-2-.png","type":"","width":"","height":""}],"twitter_card":"summary_large_image","twitter_misc":{"Tiempo de lectura":"1 minuto"},"schema":{"@context":"https:\/\/schema.org","@graph":[{"@type":"WebPage","@id":"https:\/\/chmc.es\/wordpress\/","url":"https:\/\/chmc.es\/wordpress\/","name":"Inicio - CHMC","isPartOf":{"@id":"https:\/\/chmc.es\/wordpress\/#website"},"primaryImageOfPage":{"@id":"https:\/\/chmc.es\/wordpress\/#primaryimage"},"image":{"@id":"https:\/\/chmc.es\/wordpress\/#primaryimage"},"thumbnailUrl":"https:\/\/chmc.es\/wordpress\/wp-content\/uploads\/2025\/02\/triptico-CAS-2-.png","datePublished":"2017-02-15T17:13:00+00:00","dateModified":"2025-02-11T12:42:22+00:00","breadcrumb":{"@id":"https:\/\/chmc.es\/wordpress\/#breadcrumb"},"inLanguage":"es","potentialAction":[{"@type":"ReadAction","target":["https:\/\/chmc.es\/wordpress\/"]}]},{"@type":"ImageObject","inLanguage":"es","@id":"https:\/\/chmc.es\/wordpress\/#primaryimage","url":"https:\/\/chmc.es\/wordpress\/wp-content\/uploads\/2025\/02\/triptico-CAS-2-.png","contentUrl":"https:\/\/chmc.es\/wordpress\/wp-content\/uploads\/2025\/02\/triptico-CAS-2-.png","width":2000,"height":1414},{"@type":"BreadcrumbList","@id":"https:\/\/chmc.es\/wordpress\/#breadcrumb","itemListElement":[{"@type":"ListItem","position":1,"name":"Portada","item":"https:\/\/chmc.es\/wordpress\/"},{"@type":"ListItem","position":2,"name":"Inicio"}]},{"@type":"WebSite","@id":"https:\/\/chmc.es\/wordpress\/#website","url":"https:\/\/chmc.es\/wordpress\/","name":"CHMC","description":"PSICOLOGIA","publisher":{"@id":"https:\/\/chmc.es\/wordpress\/#organization"},"potentialAction":[{"@type":"SearchAction","target":{"@type":"EntryPoint","urlTemplate":"https:\/\/chmc.es\/wordpress\/?s={search_term_string}"},"query-input":{"@type":"PropertyValueSpecification","valueRequired":true,"valueName":"search_term_string"}}],"inLanguage":"es"},{"@type":"Organization","@id":"https:\/\/chmc.es\/wordpress\/#organization","name":"CHMC","url":"https:\/\/chmc.es\/wordpress\/","logo":{"@type":"ImageObject","inLanguage":"es","@id":"https:\/\/chmc.es\/wordpress\/#\/schema\/logo\/image\/","url":"https:\/\/chmc.es\/wordpress\/wp-content\/uploads\/2025\/02\/chmc.jpg","contentUrl":"https:\/\/chmc.es\/wordpress\/wp-content\/uploads\/2025\/02\/chmc.jpg","width":1080,"height":1080,"caption":"CHMC"},"image":{"@id":"https:\/\/chmc.es\/wordpress\/#\/schema\/logo\/image\/"}}]}},"_links":{"self":[{"href":"https:\/\/chmc.es\/wordpress\/wp-json\/wp\/v2\/pages\/10","targetHints":{"allow":["GET"]}}],"collection":[{"href":"https:\/\/chmc.es\/wordpress\/wp-json\/wp\/v2\/pages"}],"about":[{"href":"https:\/\/chmc.es\/wordpress\/wp-json\/wp\/v2\/types\/page"}],"author":[{"embeddable":true,"href":"https:\/\/chmc.es\/wordpress\/wp-json\/wp\/v2\/users\/1"}],"replies":[{"embeddable":true,"href":"https:\/\/chmc.es\/wordpress\/wp-json\/wp\/v2\/comments?post=10"}],"version-history":[{"count":50,"href":"https:\/\/chmc.es\/wordpress\/wp-json\/wp\/v2\/pages\/10\/revisions"}],"predecessor-version":[{"id":764,"href":"https:\/\/chmc.es\/wordpress\/wp-json\/wp\/v2\/pages\/10\/revisions\/764"}],"wp:attachment":[{"href":"https:\/\/chmc.es\/wordpress\/wp-json\/wp\/v2\/media?parent=10"}],"curies":[{"name":"wp","href":"https:\/\/api.w.org\/{rel}","templated":true}]}}