{"id":100,"date":"2017-02-16T17:50:46","date_gmt":"2017-02-16T17:50:46","guid":{"rendered":"http:\/\/chmc.es\/wordpress\/?page_id=100"},"modified":"2023-04-17T15:06:42","modified_gmt":"2023-04-17T15:06:42","slug":"contacto","status":"publish","type":"page","link":"https:\/\/chmc.es\/wordpress\/contacto\/","title":{"rendered":"Contacto CHMC Cornell\u00e0"},"content":{"rendered":"<h4 class=\"chmc-contact-title\">SI NOS ESCRIBES, CON MUCHO GUSTO TE RESPONDEREMOS<\/h1>\n\n<div class=\"wpcf7 no-js\" id=\"wpcf7-f102-o1\" lang=\"en-US\" dir=\"ltr\" data-wpcf7-id=\"102\">\n<div class=\"screen-reader-response\"><p role=\"status\" aria-live=\"polite\" aria-atomic=\"true\"><\/p> <ul><\/ul><\/div>\n<form action=\"\/wordpress\/wp-json\/wp\/v2\/pages\/100#wpcf7-f102-o1\" method=\"post\" class=\"wpcf7-form init\" aria-label=\"Contact form\" novalidate=\"novalidate\" data-status=\"init\">\n<fieldset class=\"hidden-fields-container\"><input type=\"hidden\" name=\"_wpcf7\" value=\"102\" \/><input type=\"hidden\" name=\"_wpcf7_version\" value=\"6.1.5\" \/><input type=\"hidden\" name=\"_wpcf7_locale\" value=\"en_US\" \/><input type=\"hidden\" name=\"_wpcf7_unit_tag\" value=\"wpcf7-f102-o1\" \/><input type=\"hidden\" name=\"_wpcf7_container_post\" value=\"0\" \/><input type=\"hidden\" name=\"_wpcf7_posted_data_hash\" value=\"\" \/>\n<\/fieldset>\n<p><label> Nombre<br \/>\n<span class=\"wpcf7-form-control-wrap\" data-name=\"your-name\"><input size=\"40\" maxlength=\"400\" class=\"wpcf7-form-control wpcf7-text wpcf7-validates-as-required\" aria-required=\"true\" aria-invalid=\"false\" value=\"\" type=\"text\" name=\"your-name\" \/><\/span> <\/label>\n<\/p>\n<p><label> E-mail<br \/>\n<span class=\"wpcf7-form-control-wrap\" data-name=\"your-email\"><input size=\"40\" maxlength=\"400\" class=\"wpcf7-form-control wpcf7-email wpcf7-validates-as-required wpcf7-text wpcf7-validates-as-email\" aria-required=\"true\" aria-invalid=\"false\" value=\"\" type=\"email\" name=\"your-email\" \/><\/span> <\/label>\n<\/p>\n<p><label> Asunto<br \/>\n<span class=\"wpcf7-form-control-wrap\" data-name=\"your-subject\"><input size=\"40\" maxlength=\"400\" class=\"wpcf7-form-control wpcf7-text\" aria-invalid=\"false\" value=\"\" type=\"text\" name=\"your-subject\" \/><\/span> <\/label>\n<\/p>\n<p><label> Mensaje<br \/>\n<span class=\"wpcf7-form-control-wrap\" data-name=\"your-message\"><textarea cols=\"40\" rows=\"10\" maxlength=\"2000\" class=\"wpcf7-form-control wpcf7-textarea\" aria-invalid=\"false\" name=\"your-message\"><\/textarea><\/span> <\/label>\n<\/p>\n<p>INFORMACI\u00d3N PROTECCI\u00d3N DE DATOS DE CENTRE D'HIGIENE MENTAL DE CORNELL\u00c0\n<\/p>\n<p>Finalidades: Responder a sus solicitudes y remitirle informaci\u00f3n comercial de nuestros productos y servicios, incluso por correo electr\u00f3nico. Legitimaci\u00f3n: Consentimiento del interesado. Destinatarios: No est\u00e1n previstas cesiones de datos. Derechos: Puede retirar su consentimiento en cualquier momento, as\u00ed como acceder, rectificar, suprimir sus datos y dem\u00e1s derechos en <a href=\"mailto:chmc@chmc.es\">chmc@chmc.es<\/a>. Informaci\u00f3n Adicional: Puede ampliar la informaci\u00f3n en el enlace de <a href=\"http:\/\/chmc.es\/wordpress\/?page_id=439\">Avisos Legales<\/a>. Los datos de contacto de nuestro Delegado de Protecci\u00f3n de Datos son: <a href=\"mailto:dianarvidal@chmc.cat\">dianarvidal@chmc.cat<\/a>.\n<\/p>\n<p><span class=\"wpcf7-form-control-wrap\" data-name=\"infoComercial\"><span class=\"wpcf7-form-control wpcf7-checkbox\"><span class=\"wpcf7-list-item first last\"><input type=\"checkbox\" name=\"infoComercial[]\" value=\"Acepto recibir informaci\u00f3n comercial, incluso por correo electr\u00f3nico.\" \/><span class=\"wpcf7-list-item-label\">Acepto recibir informaci\u00f3n comercial, incluso por correo electr\u00f3nico.<\/span><\/span><\/span><\/span>\n<\/p>\n<p><span class=\"wpcf7-form-control-wrap\" data-name=\"okPoliticaPrivacidad\"><span class=\"wpcf7-form-control wpcf7-checkbox wpcf7-validates-as-required\"><span class=\"wpcf7-list-item first last\"><input type=\"checkbox\" name=\"okPoliticaPrivacidad[]\" value=\"\" \/><span class=\"wpcf7-list-item-label\"><\/span><\/span><\/span><\/span> He le\u00eddo y acepto la <a href=\"http:\/\/chmc.es\/wordpress\/?page_id=439\">Pol\u00edtica de Privacidad<\/a>.\n<\/p>\n<p><input class=\"wpcf7-form-control wpcf7-submit has-spinner\" type=\"submit\" value=\"Enviar\" \/>\n<\/p><div class=\"wpcf7-response-output\" aria-hidden=\"true\"><\/div>\n<\/form>\n<\/div>\n\n&nbsp;<\/p>\n<div class=\"chmc-contact-footer\">\n<div><iframe loading=\"lazy\" src=\"https:\/\/www.google.com\/maps\/embed?pb=!1m18!1m12!1m3!1d2994.9634201901385!2d2.072661815000839!3d41.353148806080696!2m3!1f0!2f0!3f0!3m2!1i1024!2i768!4f13.1!3m3!1m2!1s0x12a4995a97254a95%3A0x54bbff1f9bcb2eda!2sCentre+D%C2%B4higiene+Mental+de+Cornell%C3%A1!5e0!3m2!1ses!2ses!4v1489153547346\" width=\"300\" height=\"221\" frameborder=\"0\" allowfullscreen=\"allowfullscreen\" data-mce-fragment=\"1\"><\/iframe><\/div>\n<div class=\"chmc-address\">\n<h1 class=\"chmc-address-title\">chmc<\/h1>\n<div class=\"chmc-address-body\">\n<p>C\/Eduard Gibert, 52<br \/>\nEntlo. 2\u00aa (08940)<br \/>\nCornell\u00e0 de Llobregat<\/p>\n<p>Tel\u00e9fono: 933 77 68 60<\/p>\n<\/div>\n<\/div>\n<\/div>\n<p><b><a href=\"mailto:chmc@chmc.cat\" target=\"_blank\" rel=\"noopener\">chmc@chmc.cat<\/a>\u00a0<a href=\"mailto:chmc@chmc.es\" target=\"_blank\" rel=\"noopener\">chmc@chmc.es<\/a><\/b><\/p>\n","protected":false},"excerpt":{"rendered":"<p>SI NOS ESCRIBES, CON MUCHO GUSTO TE RESPONDEREMOS &nbsp; chmc C\/Eduard Gibert, 52 Entlo. 2\u00aa (08940) Cornell\u00e0 de Llobregat Tel\u00e9fono: 933 77 68 60 chmc@chmc.cat\u00a0chmc@chmc.es<\/p>\n","protected":false},"author":1,"featured_media":0,"parent":0,"menu_order":0,"comment_status":"closed","ping_status":"closed","template":"","meta":{"kt_blocks_editor_width":"","footnotes":""},"class_list":["post-100","page","type-page","status-publish","hentry"],"yoast_head":"<!-- This site is optimized with the Yoast SEO plugin v27.1.1 - https:\/\/yoast.com\/product\/yoast-seo-wordpress\/ -->\n<title>Contacto CHMC Cornell\u00e0 - CHMC<\/title>\n<meta name=\"robots\" content=\"index, follow, max-snippet:-1, max-image-preview:large, max-video-preview:-1\" \/>\n<link rel=\"canonical\" href=\"https:\/\/chmc.es\/wordpress\/contacto\/\" \/>\n<meta property=\"og:locale\" content=\"es_ES\" \/>\n<meta property=\"og:type\" content=\"article\" \/>\n<meta property=\"og:title\" content=\"Contacto CHMC Cornell\u00e0 - CHMC\" \/>\n<meta property=\"og:description\" content=\"SI NOS ESCRIBES, CON MUCHO GUSTO TE RESPONDEREMOS &nbsp; chmc C\/Eduard Gibert, 52 Entlo. 2\u00aa (08940) Cornell\u00e0 de Llobregat Tel\u00e9fono: 933 77 68 60 chmc@chmc.cat\u00a0chmc@chmc.es\" \/>\n<meta property=\"og:url\" content=\"https:\/\/chmc.es\/wordpress\/contacto\/\" \/>\n<meta property=\"og:site_name\" content=\"CHMC\" \/>\n<meta property=\"article:modified_time\" content=\"2023-04-17T15:06:42+00:00\" \/>\n<meta property=\"og:image\" content=\"https:\/\/chmc.es\/wordpress\/wp-content\/uploads\/2025\/02\/Disseny-sense-titol-scaled.jpg\" \/>\n\t<meta property=\"og:image:width\" content=\"2560\" \/>\n\t<meta property=\"og:image:height\" content=\"1080\" \/>\n\t<meta property=\"og:image:type\" content=\"image\/jpeg\" \/>\n<meta name=\"twitter:card\" content=\"summary_large_image\" \/>\n<script type=\"application\/ld+json\" class=\"yoast-schema-graph\">{\"@context\":\"https:\/\/schema.org\",\"@graph\":[{\"@type\":\"WebPage\",\"@id\":\"https:\/\/chmc.es\/wordpress\/contacto\/\",\"url\":\"https:\/\/chmc.es\/wordpress\/contacto\/\",\"name\":\"Contacto CHMC Cornell\u00e0 - CHMC\",\"isPartOf\":{\"@id\":\"https:\/\/chmc.es\/wordpress\/#website\"},\"datePublished\":\"2017-02-16T17:50:46+00:00\",\"dateModified\":\"2023-04-17T15:06:42+00:00\",\"breadcrumb\":{\"@id\":\"https:\/\/chmc.es\/wordpress\/contacto\/#breadcrumb\"},\"inLanguage\":\"es\",\"potentialAction\":[{\"@type\":\"ReadAction\",\"target\":[\"https:\/\/chmc.es\/wordpress\/contacto\/\"]}]},{\"@type\":\"BreadcrumbList\",\"@id\":\"https:\/\/chmc.es\/wordpress\/contacto\/#breadcrumb\",\"itemListElement\":[{\"@type\":\"ListItem\",\"position\":1,\"name\":\"Portada\",\"item\":\"https:\/\/chmc.es\/wordpress\/\"},{\"@type\":\"ListItem\",\"position\":2,\"name\":\"Contacto CHMC Cornell\u00e0\"}]},{\"@type\":\"WebSite\",\"@id\":\"https:\/\/chmc.es\/wordpress\/#website\",\"url\":\"https:\/\/chmc.es\/wordpress\/\",\"name\":\"CHMC\",\"description\":\"PSICOLOGIA\",\"publisher\":{\"@id\":\"https:\/\/chmc.es\/wordpress\/#organization\"},\"potentialAction\":[{\"@type\":\"SearchAction\",\"target\":{\"@type\":\"EntryPoint\",\"urlTemplate\":\"https:\/\/chmc.es\/wordpress\/?s={search_term_string}\"},\"query-input\":{\"@type\":\"PropertyValueSpecification\",\"valueRequired\":true,\"valueName\":\"search_term_string\"}}],\"inLanguage\":\"es\"},{\"@type\":\"Organization\",\"@id\":\"https:\/\/chmc.es\/wordpress\/#organization\",\"name\":\"CHMC\",\"url\":\"https:\/\/chmc.es\/wordpress\/\",\"logo\":{\"@type\":\"ImageObject\",\"inLanguage\":\"es\",\"@id\":\"https:\/\/chmc.es\/wordpress\/#\/schema\/logo\/image\/\",\"url\":\"https:\/\/chmc.es\/wordpress\/wp-content\/uploads\/2025\/02\/chmc.jpg\",\"contentUrl\":\"https:\/\/chmc.es\/wordpress\/wp-content\/uploads\/2025\/02\/chmc.jpg\",\"width\":1080,\"height\":1080,\"caption\":\"CHMC\"},\"image\":{\"@id\":\"https:\/\/chmc.es\/wordpress\/#\/schema\/logo\/image\/\"}}]}<\/script>\n<!-- \/ Yoast SEO plugin. -->","yoast_head_json":{"title":"Contacto CHMC Cornell\u00e0 - CHMC","robots":{"index":"index","follow":"follow","max-snippet":"max-snippet:-1","max-image-preview":"max-image-preview:large","max-video-preview":"max-video-preview:-1"},"canonical":"https:\/\/chmc.es\/wordpress\/contacto\/","og_locale":"es_ES","og_type":"article","og_title":"Contacto CHMC Cornell\u00e0 - CHMC","og_description":"SI NOS ESCRIBES, CON MUCHO GUSTO TE RESPONDEREMOS &nbsp; chmc C\/Eduard Gibert, 52 Entlo. 2\u00aa (08940) Cornell\u00e0 de Llobregat Tel\u00e9fono: 933 77 68 60 chmc@chmc.cat\u00a0chmc@chmc.es","og_url":"https:\/\/chmc.es\/wordpress\/contacto\/","og_site_name":"CHMC","article_modified_time":"2023-04-17T15:06:42+00:00","og_image":[{"width":2560,"height":1080,"url":"https:\/\/chmc.es\/wordpress\/wp-content\/uploads\/2025\/02\/Disseny-sense-titol-scaled.jpg","type":"image\/jpeg"}],"twitter_card":"summary_large_image","schema":{"@context":"https:\/\/schema.org","@graph":[{"@type":"WebPage","@id":"https:\/\/chmc.es\/wordpress\/contacto\/","url":"https:\/\/chmc.es\/wordpress\/contacto\/","name":"Contacto CHMC Cornell\u00e0 - CHMC","isPartOf":{"@id":"https:\/\/chmc.es\/wordpress\/#website"},"datePublished":"2017-02-16T17:50:46+00:00","dateModified":"2023-04-17T15:06:42+00:00","breadcrumb":{"@id":"https:\/\/chmc.es\/wordpress\/contacto\/#breadcrumb"},"inLanguage":"es","potentialAction":[{"@type":"ReadAction","target":["https:\/\/chmc.es\/wordpress\/contacto\/"]}]},{"@type":"BreadcrumbList","@id":"https:\/\/chmc.es\/wordpress\/contacto\/#breadcrumb","itemListElement":[{"@type":"ListItem","position":1,"name":"Portada","item":"https:\/\/chmc.es\/wordpress\/"},{"@type":"ListItem","position":2,"name":"Contacto CHMC Cornell\u00e0"}]},{"@type":"WebSite","@id":"https:\/\/chmc.es\/wordpress\/#website","url":"https:\/\/chmc.es\/wordpress\/","name":"CHMC","description":"PSICOLOGIA","publisher":{"@id":"https:\/\/chmc.es\/wordpress\/#organization"},"potentialAction":[{"@type":"SearchAction","target":{"@type":"EntryPoint","urlTemplate":"https:\/\/chmc.es\/wordpress\/?s={search_term_string}"},"query-input":{"@type":"PropertyValueSpecification","valueRequired":true,"valueName":"search_term_string"}}],"inLanguage":"es"},{"@type":"Organization","@id":"https:\/\/chmc.es\/wordpress\/#organization","name":"CHMC","url":"https:\/\/chmc.es\/wordpress\/","logo":{"@type":"ImageObject","inLanguage":"es","@id":"https:\/\/chmc.es\/wordpress\/#\/schema\/logo\/image\/","url":"https:\/\/chmc.es\/wordpress\/wp-content\/uploads\/2025\/02\/chmc.jpg","contentUrl":"https:\/\/chmc.es\/wordpress\/wp-content\/uploads\/2025\/02\/chmc.jpg","width":1080,"height":1080,"caption":"CHMC"},"image":{"@id":"https:\/\/chmc.es\/wordpress\/#\/schema\/logo\/image\/"}}]}},"_links":{"self":[{"href":"https:\/\/chmc.es\/wordpress\/wp-json\/wp\/v2\/pages\/100","targetHints":{"allow":["GET"]}}],"collection":[{"href":"https:\/\/chmc.es\/wordpress\/wp-json\/wp\/v2\/pages"}],"about":[{"href":"https:\/\/chmc.es\/wordpress\/wp-json\/wp\/v2\/types\/page"}],"author":[{"embeddable":true,"href":"https:\/\/chmc.es\/wordpress\/wp-json\/wp\/v2\/users\/1"}],"replies":[{"embeddable":true,"href":"https:\/\/chmc.es\/wordpress\/wp-json\/wp\/v2\/comments?post=100"}],"version-history":[{"count":38,"href":"https:\/\/chmc.es\/wordpress\/wp-json\/wp\/v2\/pages\/100\/revisions"}],"predecessor-version":[{"id":615,"href":"https:\/\/chmc.es\/wordpress\/wp-json\/wp\/v2\/pages\/100\/revisions\/615"}],"wp:attachment":[{"href":"https:\/\/chmc.es\/wordpress\/wp-json\/wp\/v2\/media?parent=100"}],"curies":[{"name":"wp","href":"https:\/\/api.w.org\/{rel}","templated":true}]}}