{"id":1005,"date":"2025-10-13T12:14:52","date_gmt":"2025-10-13T12:14:52","guid":{"rendered":"https:\/\/chmc.es\/wordpress\/?page_id=1005"},"modified":"2025-10-14T11:10:13","modified_gmt":"2025-10-14T11:10:13","slug":"entrevistas-y-podcast","status":"publish","type":"page","link":"https:\/\/chmc.es\/wordpress\/entrevistas-y-podcast\/","title":{"rendered":"Entrevistas y Podcast"},"content":{"rendered":"\n<p><img loading=\"lazy\" decoding=\"async\" class=\"alignnone wp-image-1013 size-full\" src=\"https:\/\/chmc.es\/wordpress\/wp-content\/uploads\/2025\/10\/CHMC-Psicologia.png\" alt=\"\" width=\"7257\" height=\"3061\" srcset=\"https:\/\/chmc.es\/wordpress\/wp-content\/uploads\/2025\/10\/CHMC-Psicologia.png 7257w, https:\/\/chmc.es\/wordpress\/wp-content\/uploads\/2025\/10\/CHMC-Psicologia-300x127.png 300w, https:\/\/chmc.es\/wordpress\/wp-content\/uploads\/2025\/10\/CHMC-Psicologia-1024x432.png 1024w, https:\/\/chmc.es\/wordpress\/wp-content\/uploads\/2025\/10\/CHMC-Psicologia-768x324.png 768w, https:\/\/chmc.es\/wordpress\/wp-content\/uploads\/2025\/10\/CHMC-Psicologia-1536x648.png 1536w, https:\/\/chmc.es\/wordpress\/wp-content\/uploads\/2025\/10\/CHMC-Psicologia-2048x864.png 2048w\" sizes=\"auto, (max-width: 7257px) 100vw, 7257px\" \/><\/p>\n\n\n\n\n<style>.kb-row-layout-id1005_8cf4a5-69 > .kt-row-column-wrap{align-content:center;}:where(.kb-row-layout-id1005_8cf4a5-69 > .kt-row-column-wrap) > .wp-block-kadence-column{justify-content:center;}.kb-row-layout-id1005_8cf4a5-69 > .kt-row-column-wrap{column-gap:var(--global-kb-gap-lg, 4rem);row-gap:var(--global-kb-gap-none, 0rem );max-width:1140px;padding-top:var(--global-kb-spacing-xl, 4rem);padding-bottom:var(--global-kb-spacing-3xl, 6.5rem);grid-template-columns:minmax(0, calc(55% - ((var(--global-kb-gap-lg, 4rem) * 1 )\/2)))minmax(0, calc(45% - ((var(--global-kb-gap-lg, 4rem) * 1 )\/2)));}.kb-row-layout-id1005_8cf4a5-69{background-image:linear-gradient(90deg,var(--global-palette7,#EDF2F7) 65%,var(--global-palette9,#ffffff) 65%);}.kb-row-layout-id1005_8cf4a5-69 > .kt-row-layout-overlay{opacity:1;}@media all and (max-width: 1024px){.kb-row-layout-id1005_8cf4a5-69 > .kt-row-column-wrap{column-gap:var(--global-kb-gap-md, 2rem);padding-top:var(--global-kb-spacing-3xl, 6.5rem);padding-bottom:var(--global-kb-spacing-3xl, 6.5rem);grid-template-columns:repeat(2, minmax(0, 1fr));}}@media all and (max-width: 767px){.kb-row-layout-id1005_8cf4a5-69 > .kt-row-column-wrap{padding-top:var(--global-kb-spacing-3xl, 6.5rem);padding-bottom:var(--global-kb-spacing-xl, 4rem);grid-template-columns:minmax(0, 1fr);}}<\/style><div class=\"kb-row-layout-wrap kb-row-layout-id1005_8cf4a5-69 alignfull has-theme-palette8-background-color kt-row-has-bg wp-block-kadence-rowlayout\"><div class=\"kt-row-column-wrap kt-has-2-columns kt-row-layout-equal kt-tab-layout-inherit kt-mobile-layout-row kt-row-valign-middle kb-theme-content-width\">\n<style>.kadence-column1005_a8224c-67 > .kt-inside-inner-col,.kadence-column1005_a8224c-67 > .kt-inside-inner-col:before{border-top-left-radius:0px;border-top-right-radius:0px;border-bottom-right-radius:0px;border-bottom-left-radius:0px;}.kadence-column1005_a8224c-67 > .kt-inside-inner-col{column-gap:var(--global-kb-gap-sm, 1rem);}.kadence-column1005_a8224c-67 > .kt-inside-inner-col{flex-direction:column;}.kadence-column1005_a8224c-67 > .kt-inside-inner-col > .aligncenter{width:100%;}.kadence-column1005_a8224c-67 > .kt-inside-inner-col:before{opacity:0.3;}.kadence-column1005_a8224c-67{position:relative;}@media all and (max-width: 1024px){.kadence-column1005_a8224c-67 > .kt-inside-inner-col{padding-right:0px;flex-direction:column;}}@media all and (max-width: 1024px){.kadence-column1005_a8224c-67{text-align:center;}}@media all and (max-width: 767px){.kadence-column1005_a8224c-67, .kt-inside-inner-col > .kadence-column1005_a8224c-67:not(.specificity){margin-bottom:var(--global-kb-spacing-md, 2rem);}.kadence-column1005_a8224c-67 > .kt-inside-inner-col{flex-direction:column;}}<\/style>\n<div class=\"wp-block-kadence-column kadence-column1005_a8224c-67 kb-section-dir-vertical inner-column-1\"><div class=\"kt-inside-inner-col\"><style>.wp-block-kadence-advancedheading.kt-adv-heading1005_36bb7e-a5, .wp-block-kadence-advancedheading.kt-adv-heading1005_36bb7e-a5[data-kb-block=\"kb-adv-heading1005_36bb7e-a5\"]{margin-top:0px;margin-bottom:var(--global-kb-spacing-lg, 3rem);font-size:var(--global-kb-font-size-xxl, 4rem);line-height:1.2;font-style:normal;}.wp-block-kadence-advancedheading.kt-adv-heading1005_36bb7e-a5 mark.kt-highlight, .wp-block-kadence-advancedheading.kt-adv-heading1005_36bb7e-a5[data-kb-block=\"kb-adv-heading1005_36bb7e-a5\"] mark.kt-highlight{font-style:normal;color:#f76a0c;padding-top:0px;padding-right:0px;padding-bottom:0px;padding-left:0px;}@media all and (max-width: 1024px){.wp-block-kadence-advancedheading.kt-adv-heading1005_36bb7e-a5, .wp-block-kadence-advancedheading.kt-adv-heading1005_36bb7e-a5[data-kb-block=\"kb-adv-heading1005_36bb7e-a5\"]{font-size:var(--global-kb-font-size-lg, 2rem);text-align:left!important;}}<\/style>\n<h6 class=\"kt-adv-heading1005_36bb7e-a5 wp-block-kadence-advancedheading has-virtue-primary-color has-text-color\" data-kb-block=\"kb-adv-heading1005_36bb7e-a5\">\u00abL&#8217;entrevista\u00bb en Radio Cornell\u00e0.<\/h6>\n\n\n<style>.wp-block-kadence-advancedheading.kt-adv-heading1005_e52c0f-d8, .wp-block-kadence-advancedheading.kt-adv-heading1005_e52c0f-d8[data-kb-block=\"kb-adv-heading1005_e52c0f-d8\"]{font-style:normal;color:var(--global-palette4, #2D3748);}.wp-block-kadence-advancedheading.kt-adv-heading1005_e52c0f-d8 mark.kt-highlight, .wp-block-kadence-advancedheading.kt-adv-heading1005_e52c0f-d8[data-kb-block=\"kb-adv-heading1005_e52c0f-d8\"] mark.kt-highlight{font-style:normal;color:#f76a0c;padding-top:0px;padding-right:0px;padding-bottom:0px;padding-left:0px;}@media all and (max-width: 1024px){.wp-block-kadence-advancedheading.kt-adv-heading1005_e52c0f-d8, .wp-block-kadence-advancedheading.kt-adv-heading1005_e52c0f-d8[data-kb-block=\"kb-adv-heading1005_e52c0f-d8\"]{text-align:left!important;}}<\/style>\n<p class=\"kt-adv-heading1005_e52c0f-d8 wp-block-kadence-advancedheading has-theme-palette-4-color has-text-color\" data-kb-block=\"kb-adv-heading1005_e52c0f-d8\">Iniciamos un nuevo periodo en el espacio de L\u2019 entrevista de Radio Cornell\u00e1, hablando de la \u201cFrustraci\u00f3n: cuando nuestro deseo y limitaciones se ven comprometidos\u201d.<br>\u00a0<br>La frustraci\u00f3n es una respuesta emocional que surge cuando nuestras expectativas o deseos no se cumplen, o cuando se bloquea la consecuci\u00f3n de un objetivo importante. Es una emoci\u00f3n que nos invade cuando no recibimos lo que creemos que merecemos, es ah\u00ed cuando se genera un enfado que nos lleva a dos posibles v\u00edas: a proyectarlo (cuando lo ponemos fuera, en los otros: \u201c<em>el mundo est\u00e1 en mi contra\u201d<\/em>) o ponemos el enfado en uno mismo (cuando nos deprimimos, nos sentimos culpables, no v\u00e1lidos: \u201c<em>es porque no sirvo para nada\u201d<\/em>)<br>\u00a0<br>A trav\u00e9s de este espacio, reflexionamos acerca de la frustraci\u00f3n pens\u00e1ndola como un momento estructurante, que nos permita reconocer y tolerar la falta, que nos guste o no es algo con lo que lidiamos d\u00eda a d\u00eda.<br>\u00a0<br>Desde el CHMC queremos agradecer y dar la bienvenida a en estos espacios a nuestra psic\u00f3loga Amanda Jacinto, esperamos escucharte en muchos espacios m\u00e1s<\/p>\n\n\n<style>.wp-block-kadence-advancedbtn.kb-btns1005_1d413c-d6{gap:var(--global-kb-gap-xs, 0.5rem );justify-content:flex-start;align-items:center;}.kt-btns1005_1d413c-d6 .kt-button{font-weight:normal;font-style:normal;}.kt-btns1005_1d413c-d6 .kt-btn-wrap-0{margin-right:5px;}.wp-block-kadence-advancedbtn.kt-btns1005_1d413c-d6 .kt-btn-wrap-0 .kt-button{color:#555555;border-color:#555555;}.wp-block-kadence-advancedbtn.kt-btns1005_1d413c-d6 .kt-btn-wrap-0 .kt-button:hover, .wp-block-kadence-advancedbtn.kt-btns1005_1d413c-d6 .kt-btn-wrap-0 .kt-button:focus{color:#ffffff;border-color:#444444;}.wp-block-kadence-advancedbtn.kt-btns1005_1d413c-d6 .kt-btn-wrap-0 .kt-button::before{display:none;}.wp-block-kadence-advancedbtn.kt-btns1005_1d413c-d6 .kt-btn-wrap-0 .kt-button:hover, .wp-block-kadence-advancedbtn.kt-btns1005_1d413c-d6 .kt-btn-wrap-0 .kt-button:focus{background:#444444;}@media all and (max-width: 1024px){.wp-block-kadence-advancedbtn.kb-btns1005_1d413c-d6{justify-content:flex-start;}}<\/style>\n<div class=\"wp-block-kadence-advancedbtn kb-buttons-wrap kb-btns1005_1d413c-d6\"><style>ul.menu .wp-block-kadence-advancedbtn .kb-btn1005_cb82de-c2.kb-button{width:initial;}.wp-block-kadence-advancedbtn .kb-btn1005_cb82de-c2.kb-button{background:#00b4ac;font-size:var(--global-kb-font-size-md, 1.25rem);letter-spacing:1px;text-transform:uppercase;}@media all and (max-width: 1024px){.kb-btn1005_cb82de-c2.kb-button .kb-svg-icon-wrap{display:block;}}<\/style><a class=\"kb-button kt-button button kb-btn1005_cb82de-c2 kt-btn-size-standard kt-btn-width-type-auto kb-btn-global-inherit kt-btn-has-text-true kt-btn-has-svg-false wp-block-button__link wp-block-kadence-singlebtn\" href=\"https:\/\/www.radiocornella.cat\/programs\/entrevista\/radiocornella_podcast_22876\" target=\"_blank\" rel=\"noreferrer noopener\"><span class=\"kt-btn-inner-text\"><strong>ESC\u00daCHANOS<\/strong> <\/span><\/a><\/div>\n<\/div><\/div>\n\n\n<style>.kadence-column1005_2028be-87 > .kt-inside-inner-col,.kadence-column1005_2028be-87 > .kt-inside-inner-col:before{border-top-left-radius:0px;border-top-right-radius:0px;border-bottom-right-radius:0px;border-bottom-left-radius:0px;}.kadence-column1005_2028be-87 > .kt-inside-inner-col{column-gap:var(--global-kb-gap-sm, 1rem);}.kadence-column1005_2028be-87 > .kt-inside-inner-col{flex-direction:column;}.kadence-column1005_2028be-87 > .kt-inside-inner-col > .aligncenter{width:100%;}.kadence-column1005_2028be-87 > .kt-inside-inner-col:before{opacity:0.3;}.kadence-column1005_2028be-87{position:relative;}@media all and (max-width: 1024px){.kadence-column1005_2028be-87 > .kt-inside-inner-col{flex-direction:column;}}@media all and (max-width: 767px){.kadence-column1005_2028be-87 > .kt-inside-inner-col{flex-direction:column;}}<\/style>\n<div class=\"wp-block-kadence-column kadence-column1005_2028be-87 inner-column-2\"><div class=\"kt-inside-inner-col\">\n<figure class=\"wp-block-image size-large\"><img loading=\"lazy\" decoding=\"async\" width=\"819\" height=\"1024\" src=\"https:\/\/chmc.es\/wordpress\/wp-content\/uploads\/2025\/10\/oct-cat-819x1024.jpg\" alt=\"\" class=\"wp-image-1029\" srcset=\"https:\/\/chmc.es\/wordpress\/wp-content\/uploads\/2025\/10\/oct-cat-819x1024.jpg 819w, https:\/\/chmc.es\/wordpress\/wp-content\/uploads\/2025\/10\/oct-cat-240x300.jpg 240w, https:\/\/chmc.es\/wordpress\/wp-content\/uploads\/2025\/10\/oct-cat-768x960.jpg 768w, https:\/\/chmc.es\/wordpress\/wp-content\/uploads\/2025\/10\/oct-cat.jpg 1080w\" sizes=\"auto, (max-width: 819px) 100vw, 819px\" \/><\/figure>\n<\/div><\/div>\n\n<\/div><\/div>\n\n\n\n","protected":false},"excerpt":{"rendered":"<p>\u00abL&#8217;entrevista\u00bb en Radio Cornell\u00e0. Iniciamos un nuevo periodo en el espacio de L\u2019 entrevista de Radio Cornell\u00e1, hablando de la \u201cFrustraci\u00f3n: cuando nuestro deseo y limitaciones se ven comprometidos\u201d.\u00a0La frustraci\u00f3n es una respuesta emocional que surge cuando nuestras expectativas o &hellip; <a href=\"https:\/\/chmc.es\/wordpress\/entrevistas-y-podcast\/\">Continuar<\/a><\/p>\n","protected":false},"author":1,"featured_media":0,"parent":0,"menu_order":0,"comment_status":"closed","ping_status":"closed","template":"","meta":{"kt_blocks_editor_width":"","footnotes":""},"class_list":["post-1005","page","type-page","status-publish","hentry"],"yoast_head":"<!-- This site is optimized with the Yoast SEO plugin v27.1.1 - https:\/\/yoast.com\/product\/yoast-seo-wordpress\/ -->\n<title>Entrevistas y Podcast - CHMC<\/title>\n<meta name=\"robots\" content=\"index, follow, max-snippet:-1, max-image-preview:large, max-video-preview:-1\" \/>\n<link rel=\"canonical\" href=\"https:\/\/chmc.es\/wordpress\/entrevistas-y-podcast\/\" \/>\n<meta property=\"og:locale\" content=\"es_ES\" \/>\n<meta property=\"og:type\" content=\"article\" \/>\n<meta property=\"og:title\" content=\"Entrevistas y Podcast - CHMC\" \/>\n<meta property=\"og:description\" content=\"\u00abL&#8217;entrevista\u00bb en Radio Cornell\u00e0. Iniciamos un nuevo periodo en el espacio de L\u2019 entrevista de Radio Cornell\u00e1, hablando de la \u201cFrustraci\u00f3n: cuando nuestro deseo y limitaciones se ven comprometidos\u201d.\u00a0La frustraci\u00f3n es una respuesta emocional que surge cuando nuestras expectativas o &hellip; Continuar\" \/>\n<meta property=\"og:url\" content=\"https:\/\/chmc.es\/wordpress\/entrevistas-y-podcast\/\" \/>\n<meta property=\"og:site_name\" content=\"CHMC\" \/>\n<meta property=\"article:modified_time\" content=\"2025-10-14T11:10:13+00:00\" \/>\n<meta property=\"og:image\" content=\"https:\/\/chmc.es\/wordpress\/wp-content\/uploads\/2025\/10\/CHMC-Psicologia-1024x432.png\" \/>\n\t<meta property=\"og:image:width\" content=\"1024\" \/>\n\t<meta property=\"og:image:height\" content=\"432\" \/>\n\t<meta property=\"og:image:type\" content=\"image\/png\" \/>\n<meta name=\"twitter:card\" content=\"summary_large_image\" \/>\n<meta name=\"twitter:label1\" content=\"Tiempo de lectura\" \/>\n\t<meta name=\"twitter:data1\" content=\"1 minuto\" \/>\n<script type=\"application\/ld+json\" class=\"yoast-schema-graph\">{\"@context\":\"https:\/\/schema.org\",\"@graph\":[{\"@type\":\"WebPage\",\"@id\":\"https:\/\/chmc.es\/wordpress\/entrevistas-y-podcast\/\",\"url\":\"https:\/\/chmc.es\/wordpress\/entrevistas-y-podcast\/\",\"name\":\"Entrevistas y Podcast - CHMC\",\"isPartOf\":{\"@id\":\"https:\/\/chmc.es\/wordpress\/#website\"},\"primaryImageOfPage\":{\"@id\":\"https:\/\/chmc.es\/wordpress\/entrevistas-y-podcast\/#primaryimage\"},\"image\":{\"@id\":\"https:\/\/chmc.es\/wordpress\/entrevistas-y-podcast\/#primaryimage\"},\"thumbnailUrl\":\"https:\/\/chmc.es\/wordpress\/wp-content\/uploads\/2025\/10\/CHMC-Psicologia.png\",\"datePublished\":\"2025-10-13T12:14:52+00:00\",\"dateModified\":\"2025-10-14T11:10:13+00:00\",\"breadcrumb\":{\"@id\":\"https:\/\/chmc.es\/wordpress\/entrevistas-y-podcast\/#breadcrumb\"},\"inLanguage\":\"es\",\"potentialAction\":[{\"@type\":\"ReadAction\",\"target\":[\"https:\/\/chmc.es\/wordpress\/entrevistas-y-podcast\/\"]}]},{\"@type\":\"ImageObject\",\"inLanguage\":\"es\",\"@id\":\"https:\/\/chmc.es\/wordpress\/entrevistas-y-podcast\/#primaryimage\",\"url\":\"https:\/\/chmc.es\/wordpress\/wp-content\/uploads\/2025\/10\/CHMC-Psicologia.png\",\"contentUrl\":\"https:\/\/chmc.es\/wordpress\/wp-content\/uploads\/2025\/10\/CHMC-Psicologia.png\",\"width\":7257,\"height\":3061},{\"@type\":\"BreadcrumbList\",\"@id\":\"https:\/\/chmc.es\/wordpress\/entrevistas-y-podcast\/#breadcrumb\",\"itemListElement\":[{\"@type\":\"ListItem\",\"position\":1,\"name\":\"Portada\",\"item\":\"https:\/\/chmc.es\/wordpress\/\"},{\"@type\":\"ListItem\",\"position\":2,\"name\":\"Entrevistas y Podcast\"}]},{\"@type\":\"WebSite\",\"@id\":\"https:\/\/chmc.es\/wordpress\/#website\",\"url\":\"https:\/\/chmc.es\/wordpress\/\",\"name\":\"CHMC\",\"description\":\"PSICOLOGIA\",\"publisher\":{\"@id\":\"https:\/\/chmc.es\/wordpress\/#organization\"},\"potentialAction\":[{\"@type\":\"SearchAction\",\"target\":{\"@type\":\"EntryPoint\",\"urlTemplate\":\"https:\/\/chmc.es\/wordpress\/?s={search_term_string}\"},\"query-input\":{\"@type\":\"PropertyValueSpecification\",\"valueRequired\":true,\"valueName\":\"search_term_string\"}}],\"inLanguage\":\"es\"},{\"@type\":\"Organization\",\"@id\":\"https:\/\/chmc.es\/wordpress\/#organization\",\"name\":\"CHMC\",\"url\":\"https:\/\/chmc.es\/wordpress\/\",\"logo\":{\"@type\":\"ImageObject\",\"inLanguage\":\"es\",\"@id\":\"https:\/\/chmc.es\/wordpress\/#\/schema\/logo\/image\/\",\"url\":\"https:\/\/chmc.es\/wordpress\/wp-content\/uploads\/2025\/02\/chmc.jpg\",\"contentUrl\":\"https:\/\/chmc.es\/wordpress\/wp-content\/uploads\/2025\/02\/chmc.jpg\",\"width\":1080,\"height\":1080,\"caption\":\"CHMC\"},\"image\":{\"@id\":\"https:\/\/chmc.es\/wordpress\/#\/schema\/logo\/image\/\"}}]}<\/script>\n<!-- \/ Yoast SEO plugin. -->","yoast_head_json":{"title":"Entrevistas y Podcast - CHMC","robots":{"index":"index","follow":"follow","max-snippet":"max-snippet:-1","max-image-preview":"max-image-preview:large","max-video-preview":"max-video-preview:-1"},"canonical":"https:\/\/chmc.es\/wordpress\/entrevistas-y-podcast\/","og_locale":"es_ES","og_type":"article","og_title":"Entrevistas y Podcast - CHMC","og_description":"\u00abL&#8217;entrevista\u00bb en Radio Cornell\u00e0. Iniciamos un nuevo periodo en el espacio de L\u2019 entrevista de Radio Cornell\u00e1, hablando de la \u201cFrustraci\u00f3n: cuando nuestro deseo y limitaciones se ven comprometidos\u201d.\u00a0La frustraci\u00f3n es una respuesta emocional que surge cuando nuestras expectativas o &hellip; Continuar","og_url":"https:\/\/chmc.es\/wordpress\/entrevistas-y-podcast\/","og_site_name":"CHMC","article_modified_time":"2025-10-14T11:10:13+00:00","og_image":[{"width":1024,"height":432,"url":"https:\/\/chmc.es\/wordpress\/wp-content\/uploads\/2025\/10\/CHMC-Psicologia-1024x432.png","type":"image\/png"}],"twitter_card":"summary_large_image","twitter_misc":{"Tiempo de lectura":"1 minuto"},"schema":{"@context":"https:\/\/schema.org","@graph":[{"@type":"WebPage","@id":"https:\/\/chmc.es\/wordpress\/entrevistas-y-podcast\/","url":"https:\/\/chmc.es\/wordpress\/entrevistas-y-podcast\/","name":"Entrevistas y Podcast - CHMC","isPartOf":{"@id":"https:\/\/chmc.es\/wordpress\/#website"},"primaryImageOfPage":{"@id":"https:\/\/chmc.es\/wordpress\/entrevistas-y-podcast\/#primaryimage"},"image":{"@id":"https:\/\/chmc.es\/wordpress\/entrevistas-y-podcast\/#primaryimage"},"thumbnailUrl":"https:\/\/chmc.es\/wordpress\/wp-content\/uploads\/2025\/10\/CHMC-Psicologia.png","datePublished":"2025-10-13T12:14:52+00:00","dateModified":"2025-10-14T11:10:13+00:00","breadcrumb":{"@id":"https:\/\/chmc.es\/wordpress\/entrevistas-y-podcast\/#breadcrumb"},"inLanguage":"es","potentialAction":[{"@type":"ReadAction","target":["https:\/\/chmc.es\/wordpress\/entrevistas-y-podcast\/"]}]},{"@type":"ImageObject","inLanguage":"es","@id":"https:\/\/chmc.es\/wordpress\/entrevistas-y-podcast\/#primaryimage","url":"https:\/\/chmc.es\/wordpress\/wp-content\/uploads\/2025\/10\/CHMC-Psicologia.png","contentUrl":"https:\/\/chmc.es\/wordpress\/wp-content\/uploads\/2025\/10\/CHMC-Psicologia.png","width":7257,"height":3061},{"@type":"BreadcrumbList","@id":"https:\/\/chmc.es\/wordpress\/entrevistas-y-podcast\/#breadcrumb","itemListElement":[{"@type":"ListItem","position":1,"name":"Portada","item":"https:\/\/chmc.es\/wordpress\/"},{"@type":"ListItem","position":2,"name":"Entrevistas y Podcast"}]},{"@type":"WebSite","@id":"https:\/\/chmc.es\/wordpress\/#website","url":"https:\/\/chmc.es\/wordpress\/","name":"CHMC","description":"PSICOLOGIA","publisher":{"@id":"https:\/\/chmc.es\/wordpress\/#organization"},"potentialAction":[{"@type":"SearchAction","target":{"@type":"EntryPoint","urlTemplate":"https:\/\/chmc.es\/wordpress\/?s={search_term_string}"},"query-input":{"@type":"PropertyValueSpecification","valueRequired":true,"valueName":"search_term_string"}}],"inLanguage":"es"},{"@type":"Organization","@id":"https:\/\/chmc.es\/wordpress\/#organization","name":"CHMC","url":"https:\/\/chmc.es\/wordpress\/","logo":{"@type":"ImageObject","inLanguage":"es","@id":"https:\/\/chmc.es\/wordpress\/#\/schema\/logo\/image\/","url":"https:\/\/chmc.es\/wordpress\/wp-content\/uploads\/2025\/02\/chmc.jpg","contentUrl":"https:\/\/chmc.es\/wordpress\/wp-content\/uploads\/2025\/02\/chmc.jpg","width":1080,"height":1080,"caption":"CHMC"},"image":{"@id":"https:\/\/chmc.es\/wordpress\/#\/schema\/logo\/image\/"}}]}},"_links":{"self":[{"href":"https:\/\/chmc.es\/wordpress\/wp-json\/wp\/v2\/pages\/1005","targetHints":{"allow":["GET"]}}],"collection":[{"href":"https:\/\/chmc.es\/wordpress\/wp-json\/wp\/v2\/pages"}],"about":[{"href":"https:\/\/chmc.es\/wordpress\/wp-json\/wp\/v2\/types\/page"}],"author":[{"embeddable":true,"href":"https:\/\/chmc.es\/wordpress\/wp-json\/wp\/v2\/users\/1"}],"replies":[{"embeddable":true,"href":"https:\/\/chmc.es\/wordpress\/wp-json\/wp\/v2\/comments?post=1005"}],"version-history":[{"count":7,"href":"https:\/\/chmc.es\/wordpress\/wp-json\/wp\/v2\/pages\/1005\/revisions"}],"predecessor-version":[{"id":1042,"href":"https:\/\/chmc.es\/wordpress\/wp-json\/wp\/v2\/pages\/1005\/revisions\/1042"}],"wp:attachment":[{"href":"https:\/\/chmc.es\/wordpress\/wp-json\/wp\/v2\/media?parent=1005"}],"curies":[{"name":"wp","href":"https:\/\/api.w.org\/{rel}","templated":true}]}}