{"id":143,"date":"2017-04-16T09:17:34","date_gmt":"2017-04-16T09:17:34","guid":{"rendered":"http:\/\/chmc.es\/wordpress\/?page_id=143"},"modified":"2025-02-11T10:13:10","modified_gmt":"2025-02-11T10:13:10","slug":"el-centro","status":"publish","type":"page","link":"https:\/\/chmc.es\/wordpress\/el-centro\/","title":{"rendered":""},"content":{"rendered":"<p><img loading=\"lazy\" decoding=\"async\" class=\"alignnone size-full wp-image-755\" src=\"https:\/\/chmc.es\/wordpress\/wp-content\/uploads\/2025\/02\/5-scaled.jpg\" alt=\"\" width=\"2560\" height=\"1080\" srcset=\"https:\/\/chmc.es\/wordpress\/wp-content\/uploads\/2025\/02\/5-scaled.jpg 2560w, https:\/\/chmc.es\/wordpress\/wp-content\/uploads\/2025\/02\/5-300x127.jpg 300w, https:\/\/chmc.es\/wordpress\/wp-content\/uploads\/2025\/02\/5-1024x432.jpg 1024w, https:\/\/chmc.es\/wordpress\/wp-content\/uploads\/2025\/02\/5-768x324.jpg 768w, https:\/\/chmc.es\/wordpress\/wp-content\/uploads\/2025\/02\/5-1536x648.jpg 1536w, https:\/\/chmc.es\/wordpress\/wp-content\/uploads\/2025\/02\/5-2048x864.jpg 2048w\" sizes=\"auto, (max-width: 2560px) 100vw, 2560px\" \/><\/p>\n<p><span style=\"font-family: helvetica, arial, sans-serif; font-size: 10pt;\">Somos un equipo de psic\u00f3logos, psiquiatras, logopedas y psicopedagogos que trabajamos de forma coordinada para\u00a0proporcionar la asistencia m\u00e1s adecuada para cada persona o situaci\u00f3n.<\/span><\/p>\n<h4><strong><span style=\"font-family: helvetica, arial, sans-serif; font-size: 10pt;\">En el\u00a0CHMC<\/span><\/strong><\/h4>\n<p><span style=\"font-family: helvetica, arial, sans-serif; font-size: 10pt;\">-Ofrecemos, desde\u00a01976,\u00a0tratamiento psicol\u00f3gico, orientaci\u00f3n familiar y atenci\u00f3n para las dificultades de maduraci\u00f3n o aprendizaje.<\/span><\/p>\n<p><span style=\"font-family: helvetica, arial, sans-serif; font-size: 10pt;\">-Desarrollamos programas asistenciales (ver SAPPAC) y de divulgaci\u00f3n sobre temas de salud mental, a trav\u00e9s de talleres, charlas en escuelas, espacio en Radio Cornell\u00e0, etc\u00e9tera.<\/span><\/p>\n<p><span style=\"font-family: helvetica, arial, sans-serif; font-size: 10pt;\">-Somos adem\u00e1s centro de pr\u00e1cticas para estudiantes universitarios de grado y de post grado.<\/span><\/p>\n<p><span style=\"font-family: helvetica, arial, sans-serif; font-size: 10pt;\">-Contamos con el reconocimiento y la colaboraci\u00f3n del Ayuntamiento de Cornell\u00e0 que permite que nuestro trabajo profesional resulte accesible para la mayor parte de la poblaci\u00f3n.<\/span><\/p>\n<p><span style=\"font-family: helvetica, arial, sans-serif; font-size: 10pt;\"><em><strong>\u00a1P\u00eddenos informaci\u00f3n sin compromiso!<\/strong><\/em><\/span><\/p>\n","protected":false},"excerpt":{"rendered":"<p>Somos un equipo de psic\u00f3logos, psiquiatras, logopedas y psicopedagogos que trabajamos de forma coordinada para\u00a0proporcionar la asistencia m\u00e1s adecuada para cada persona o situaci\u00f3n. En el\u00a0CHMC -Ofrecemos, desde\u00a01976,\u00a0tratamiento psicol\u00f3gico, orientaci\u00f3n familiar y atenci\u00f3n para las dificultades de maduraci\u00f3n o aprendizaje. &hellip; <a href=\"https:\/\/chmc.es\/wordpress\/el-centro\/\">Continuar<\/a><\/p>\n","protected":false},"author":1,"featured_media":0,"parent":0,"menu_order":0,"comment_status":"closed","ping_status":"closed","template":"","meta":{"kt_blocks_editor_width":"","footnotes":""},"class_list":["post-143","page","type-page","status-publish","hentry"],"yoast_head":"<!-- This site is optimized with the Yoast SEO plugin v27.1.1 - https:\/\/yoast.com\/product\/yoast-seo-wordpress\/ -->\n<title>- CHMC<\/title>\n<meta name=\"robots\" content=\"index, follow, max-snippet:-1, max-image-preview:large, max-video-preview:-1\" \/>\n<link rel=\"canonical\" href=\"https:\/\/chmc.es\/wordpress\/el-centro\/\" \/>\n<meta property=\"og:locale\" content=\"es_ES\" \/>\n<meta property=\"og:type\" content=\"article\" \/>\n<meta property=\"og:title\" content=\"- CHMC\" \/>\n<meta property=\"og:description\" content=\"Somos un equipo de psic\u00f3logos, psiquiatras, logopedas y psicopedagogos que trabajamos de forma coordinada para\u00a0proporcionar la asistencia m\u00e1s adecuada para cada persona o situaci\u00f3n. En el\u00a0CHMC -Ofrecemos, desde\u00a01976,\u00a0tratamiento psicol\u00f3gico, orientaci\u00f3n familiar y atenci\u00f3n para las dificultades de maduraci\u00f3n o aprendizaje. &hellip; Continuar\" \/>\n<meta property=\"og:url\" content=\"https:\/\/chmc.es\/wordpress\/el-centro\/\" \/>\n<meta property=\"og:site_name\" content=\"CHMC\" \/>\n<meta property=\"article:modified_time\" content=\"2025-02-11T10:13:10+00:00\" \/>\n<meta property=\"og:image\" content=\"https:\/\/chmc.es\/wordpress\/wp-content\/uploads\/2025\/02\/5-scaled.jpg\" \/>\n<meta name=\"twitter:card\" content=\"summary_large_image\" \/>\n<meta name=\"twitter:label1\" content=\"Tiempo de lectura\" \/>\n\t<meta name=\"twitter:data1\" content=\"1 minuto\" \/>\n<script type=\"application\/ld+json\" class=\"yoast-schema-graph\">{\"@context\":\"https:\/\/schema.org\",\"@graph\":[{\"@type\":\"WebPage\",\"@id\":\"https:\/\/chmc.es\/wordpress\/el-centro\/\",\"url\":\"https:\/\/chmc.es\/wordpress\/el-centro\/\",\"name\":\"- CHMC\",\"isPartOf\":{\"@id\":\"https:\/\/chmc.es\/wordpress\/#website\"},\"primaryImageOfPage\":{\"@id\":\"https:\/\/chmc.es\/wordpress\/el-centro\/#primaryimage\"},\"image\":{\"@id\":\"https:\/\/chmc.es\/wordpress\/el-centro\/#primaryimage\"},\"thumbnailUrl\":\"https:\/\/chmc.es\/wordpress\/wp-content\/uploads\/2025\/02\/5-scaled.jpg\",\"datePublished\":\"2017-04-16T09:17:34+00:00\",\"dateModified\":\"2025-02-11T10:13:10+00:00\",\"inLanguage\":\"es\",\"potentialAction\":[{\"@type\":\"ReadAction\",\"target\":[\"https:\/\/chmc.es\/wordpress\/el-centro\/\"]}]},{\"@type\":\"ImageObject\",\"inLanguage\":\"es\",\"@id\":\"https:\/\/chmc.es\/wordpress\/el-centro\/#primaryimage\",\"url\":\"https:\/\/chmc.es\/wordpress\/wp-content\/uploads\/2025\/02\/5-scaled.jpg\",\"contentUrl\":\"https:\/\/chmc.es\/wordpress\/wp-content\/uploads\/2025\/02\/5-scaled.jpg\",\"width\":2560,\"height\":1080},{\"@type\":\"WebSite\",\"@id\":\"https:\/\/chmc.es\/wordpress\/#website\",\"url\":\"https:\/\/chmc.es\/wordpress\/\",\"name\":\"CHMC\",\"description\":\"PSICOLOGIA\",\"publisher\":{\"@id\":\"https:\/\/chmc.es\/wordpress\/#organization\"},\"potentialAction\":[{\"@type\":\"SearchAction\",\"target\":{\"@type\":\"EntryPoint\",\"urlTemplate\":\"https:\/\/chmc.es\/wordpress\/?s={search_term_string}\"},\"query-input\":{\"@type\":\"PropertyValueSpecification\",\"valueRequired\":true,\"valueName\":\"search_term_string\"}}],\"inLanguage\":\"es\"},{\"@type\":\"Organization\",\"@id\":\"https:\/\/chmc.es\/wordpress\/#organization\",\"name\":\"CHMC\",\"url\":\"https:\/\/chmc.es\/wordpress\/\",\"logo\":{\"@type\":\"ImageObject\",\"inLanguage\":\"es\",\"@id\":\"https:\/\/chmc.es\/wordpress\/#\/schema\/logo\/image\/\",\"url\":\"https:\/\/chmc.es\/wordpress\/wp-content\/uploads\/2025\/02\/chmc.jpg\",\"contentUrl\":\"https:\/\/chmc.es\/wordpress\/wp-content\/uploads\/2025\/02\/chmc.jpg\",\"width\":1080,\"height\":1080,\"caption\":\"CHMC\"},\"image\":{\"@id\":\"https:\/\/chmc.es\/wordpress\/#\/schema\/logo\/image\/\"}}]}<\/script>\n<!-- \/ Yoast SEO plugin. -->","yoast_head_json":{"title":"- CHMC","robots":{"index":"index","follow":"follow","max-snippet":"max-snippet:-1","max-image-preview":"max-image-preview:large","max-video-preview":"max-video-preview:-1"},"canonical":"https:\/\/chmc.es\/wordpress\/el-centro\/","og_locale":"es_ES","og_type":"article","og_title":"- CHMC","og_description":"Somos un equipo de psic\u00f3logos, psiquiatras, logopedas y psicopedagogos que trabajamos de forma coordinada para\u00a0proporcionar la asistencia m\u00e1s adecuada para cada persona o situaci\u00f3n. En el\u00a0CHMC -Ofrecemos, desde\u00a01976,\u00a0tratamiento psicol\u00f3gico, orientaci\u00f3n familiar y atenci\u00f3n para las dificultades de maduraci\u00f3n o aprendizaje. &hellip; Continuar","og_url":"https:\/\/chmc.es\/wordpress\/el-centro\/","og_site_name":"CHMC","article_modified_time":"2025-02-11T10:13:10+00:00","og_image":[{"url":"https:\/\/chmc.es\/wordpress\/wp-content\/uploads\/2025\/02\/5-scaled.jpg","type":"","width":"","height":""}],"twitter_card":"summary_large_image","twitter_misc":{"Tiempo de lectura":"1 minuto"},"schema":{"@context":"https:\/\/schema.org","@graph":[{"@type":"WebPage","@id":"https:\/\/chmc.es\/wordpress\/el-centro\/","url":"https:\/\/chmc.es\/wordpress\/el-centro\/","name":"- CHMC","isPartOf":{"@id":"https:\/\/chmc.es\/wordpress\/#website"},"primaryImageOfPage":{"@id":"https:\/\/chmc.es\/wordpress\/el-centro\/#primaryimage"},"image":{"@id":"https:\/\/chmc.es\/wordpress\/el-centro\/#primaryimage"},"thumbnailUrl":"https:\/\/chmc.es\/wordpress\/wp-content\/uploads\/2025\/02\/5-scaled.jpg","datePublished":"2017-04-16T09:17:34+00:00","dateModified":"2025-02-11T10:13:10+00:00","inLanguage":"es","potentialAction":[{"@type":"ReadAction","target":["https:\/\/chmc.es\/wordpress\/el-centro\/"]}]},{"@type":"ImageObject","inLanguage":"es","@id":"https:\/\/chmc.es\/wordpress\/el-centro\/#primaryimage","url":"https:\/\/chmc.es\/wordpress\/wp-content\/uploads\/2025\/02\/5-scaled.jpg","contentUrl":"https:\/\/chmc.es\/wordpress\/wp-content\/uploads\/2025\/02\/5-scaled.jpg","width":2560,"height":1080},{"@type":"WebSite","@id":"https:\/\/chmc.es\/wordpress\/#website","url":"https:\/\/chmc.es\/wordpress\/","name":"CHMC","description":"PSICOLOGIA","publisher":{"@id":"https:\/\/chmc.es\/wordpress\/#organization"},"potentialAction":[{"@type":"SearchAction","target":{"@type":"EntryPoint","urlTemplate":"https:\/\/chmc.es\/wordpress\/?s={search_term_string}"},"query-input":{"@type":"PropertyValueSpecification","valueRequired":true,"valueName":"search_term_string"}}],"inLanguage":"es"},{"@type":"Organization","@id":"https:\/\/chmc.es\/wordpress\/#organization","name":"CHMC","url":"https:\/\/chmc.es\/wordpress\/","logo":{"@type":"ImageObject","inLanguage":"es","@id":"https:\/\/chmc.es\/wordpress\/#\/schema\/logo\/image\/","url":"https:\/\/chmc.es\/wordpress\/wp-content\/uploads\/2025\/02\/chmc.jpg","contentUrl":"https:\/\/chmc.es\/wordpress\/wp-content\/uploads\/2025\/02\/chmc.jpg","width":1080,"height":1080,"caption":"CHMC"},"image":{"@id":"https:\/\/chmc.es\/wordpress\/#\/schema\/logo\/image\/"}}]}},"_links":{"self":[{"href":"https:\/\/chmc.es\/wordpress\/wp-json\/wp\/v2\/pages\/143","targetHints":{"allow":["GET"]}}],"collection":[{"href":"https:\/\/chmc.es\/wordpress\/wp-json\/wp\/v2\/pages"}],"about":[{"href":"https:\/\/chmc.es\/wordpress\/wp-json\/wp\/v2\/types\/page"}],"author":[{"embeddable":true,"href":"https:\/\/chmc.es\/wordpress\/wp-json\/wp\/v2\/users\/1"}],"replies":[{"embeddable":true,"href":"https:\/\/chmc.es\/wordpress\/wp-json\/wp\/v2\/comments?post=143"}],"version-history":[{"count":9,"href":"https:\/\/chmc.es\/wordpress\/wp-json\/wp\/v2\/pages\/143\/revisions"}],"predecessor-version":[{"id":757,"href":"https:\/\/chmc.es\/wordpress\/wp-json\/wp\/v2\/pages\/143\/revisions\/757"}],"wp:attachment":[{"href":"https:\/\/chmc.es\/wordpress\/wp-json\/wp\/v2\/media?parent=143"}],"curies":[{"name":"wp","href":"https:\/\/api.w.org\/{rel}","templated":true}]}}