{"id":157,"date":"2017-04-16T10:16:40","date_gmt":"2017-04-16T10:16:40","guid":{"rendered":"http:\/\/chmc.es\/wordpress\/?page_id=157"},"modified":"2017-07-19T17:59:41","modified_gmt":"2017-07-19T17:59:41","slug":"area-terapeutica","status":"publish","type":"page","link":"https:\/\/chmc.es\/wordpress\/area-terapeutica\/","title":{"rendered":"\u00c1rea terap\u00e9utica"},"content":{"rendered":"<p style=\"text-align: left;\" align=\"CENTER\"><span style=\"font-size: 18pt;\"><strong>Diagn\u00f3stico y evaluaci\u00f3n psicol\u00f3gicos<\/strong><\/span><\/p>\n<p style=\"text-align: left;\" align=\"LEFT\"><span style=\"color: #33cccc; font-size: 12pt;\"><span style=\"font-family: helvetica, arial, sans-serif;\">A veces es necesaria una etapa diagn\u00f3stica para indicar la forma de atenci\u00f3n m\u00e1s adecuada.\u00a0Se realiza a trav\u00e9s de la exploraci\u00f3n mediante entrevistas con los padres y con el ni\u00f1o o ni\u00f1a y de la\u00a0aplicaci\u00f3n de pruebas instrumentales y proyectivas.<div class=\"hrule clearfix\"><\/div><\/span><\/span><\/p>\n<p style=\"text-align: left;\" align=\"CENTER\"><span style=\"font-size: 18pt;\"><strong><span style=\"font-family: helvetica, arial, sans-serif;\">Psicoterapia individual\u00a0<\/span><\/strong><strong><span style=\"font-family: inherit;\">para ni\u00f1os<\/span><\/strong><\/span><\/p>\n<p style=\"text-align: left;\" align=\"CENTER\"><span style=\"font-size: 12pt;\"><span style=\"color: #33cccc;\"><span style=\"font-family: helvetica, arial, sans-serif;\">La relaci\u00f3n terap\u00e9utica con ni\u00f1os es a trav\u00e9s del juego, el dibujo y la\u00a0palabra. Ayuda a gestionar las dificultades y conflictos, desarrollar las capacidades y superar fobias, inhibiciones, s\u00edntomas e hiperactividad.<div class=\"hrule clearfix\"><\/div><\/span><\/span><\/span><\/p>\n<p style=\"text-align: left;\" align=\"CENTER\"><span style=\"font-size: 18pt;\"><strong><span style=\"font-family: helvetica, arial, sans-serif;\">Psicoterapia individual para adolescentes<\/span><\/strong><\/span><\/p>\n<p style=\"text-align: left;\" align=\"CENTER\"><span style=\"font-size: 12pt;\"><span style=\"color: #33cccc;\"><span style=\"font-family: helvetica, arial, sans-serif;\">La adolescencia es un periodo de crisis donde puede haber malestar,\u00a0angustias, problemas de relaci\u00f3n, des\u00e1nimo y dificultades con los estudios\u00a0y el entorno. Disponer de un espacio en el que se pueda hablar con un\u00a0terapeuta especializado puede ser de gran ayuda para el adolescente y su\u00a0familia.<div class=\"hrule clearfix\"><\/div><\/span><\/span><\/span><\/p>\n<p style=\"text-align: left;\" align=\"CENTER\"><strong><span style=\"font-family: helvetica, arial, sans-serif;\"><span style=\"font-size: xx-large;\">Psicoterapia individual para adultos<\/span><\/span><\/strong><\/p>\n<p style=\"text-align: left;\" align=\"CENTER\"><span style=\"font-size: 12pt;\"><span style=\"color: #33cccc;\"><span style=\"font-family: helvetica, arial, sans-serif;\">Es un proceso basado en la relaci\u00f3n paciente-terapeuta, un espacio donde ser escuchado, expresar los sentimientos y ordenar las ideas.La terapia puede transformar la imagen de s\u00ed mismo, la relaci\u00f3n con los dem\u00e1s y ayudar a desprenderse del sufrimiento y la frustraci\u00f3n.<div class=\"hrule clearfix\"><\/div><\/span><\/span><\/span><\/p>\n<p style=\"text-align: left;\" align=\"CENTER\"><span style=\"font-size: 18pt;\"><strong><span style=\"font-family: helvetica, arial, sans-serif;\">Psicoterapia de pareja<\/span><\/strong><\/span><\/p>\n<p style=\"text-align: left;\" align=\"JUSTIFY\"><span style=\"font-size: 12pt;\"><span style=\"color: #33cccc;\"><span style=\"font-family: helvetica, arial, sans-serif;\">La pareja pasa por momentos de crisis que conviene atender a tiempo.<\/span><\/span><span style=\"color: #33cccc;\"><span style=\"font-family: helvetica, arial, sans-serif;\"><br \/>\n<\/span><\/span><span style=\"color: #33cccc;\"><span style=\"font-family: helvetica, arial, sans-serif;\">Iniciar un proceso de entrevistas terap\u00e9uticas permite dialogar entre ambos miembros de la pareja, aliviar el malestar y encontrar la salida m\u00e1s adecuada.<\/span><\/span><span style=\"color: #33cccc;\"><span style=\"font-family: helvetica, arial, sans-serif;\"><div class=\"hrule clearfix\"><\/div><\/span><\/span><\/span><\/p>\n<p style=\"text-align: left;\" align=\"CENTER\"><span style=\"font-size: 18pt;\"><strong><span style=\"font-family: helvetica, arial, sans-serif;\">Psicoterapia de grupo\u00a0<\/span><\/strong><strong><span style=\"font-family: inherit;\">para ni\u00f1os<\/span><\/strong><\/span><\/p>\n<p style=\"text-align: left;\" align=\"CENTER\"><span style=\"font-size: 12pt;\"><span style=\"color: #33cccc;\"><span style=\"font-family: helvetica, arial, sans-serif;\">Los ni\u00f1os se expresan a trav\u00e9s del juego y necesitan jugar para asumir las situaciones que pueden ser penosas o frustrantes para ellos.Compartir experiencias con otros a trav\u00e9s del juego, el dibujo y la palabra, con la orientaci\u00f3n de un terapeuta, ayuda a gestionar las emociones y afrontar las situaciones conflictivas.<div class=\"hrule clearfix\"><\/div><\/span><\/span><\/span><\/p>\n<p style=\"text-align: left;\" align=\"CENTER\"><span style=\"font-size: 18pt;\"><strong><span style=\"font-family: helvetica, arial, sans-serif;\">Psicoterapia de grupo para adolescentes\u00a0<\/span><\/strong><\/span><\/p>\n<p style=\"text-align: left;\" align=\"CENTER\"><span style=\"font-size: 12pt;\"><span style=\"color: #33cccc;\"><span style=\"font-family: helvetica, arial, sans-serif;\">En la adolescencia la necesidad de pertenencia a un grupo adquiere m\u00e1s importancia.<\/span><\/span><span style=\"color: #33cccc;\"><span style=\"font-family: helvetica, arial, sans-serif;\"><br \/>\n<\/span><\/span><span style=\"color: #33cccc;\"><span style=\"font-family: helvetica, arial, sans-serif;\">La posibilidad de compartir entre iguales, con la coordinaci\u00f3n de un terapeuta, ayuda a encontrar maneras de afrontar dificultades, disminuir la angustia y las actuaciones de riesgo, y afianzar una buena autoestima.<div class=\"hrule clearfix\"><\/div><\/span><\/span><\/span><\/p>\n<p style=\"text-align: left;\" align=\"CENTER\"><span style=\"font-size: 18pt;\"><strong><span style=\"font-family: helvetica, arial, sans-serif;\">Entrevistas terap\u00e9uticas familiares\u00a0<\/span><\/strong><\/span><\/p>\n<p style=\"text-align: left;\" align=\"CENTER\"><span style=\"font-size: 12pt;\"><span style=\"color: #33cccc;\"><span style=\"font-family: helvetica, arial, sans-serif;\">A veces la problem\u00e1tica va m\u00e1s all\u00e1 del individuo y se dan conflictos importantes que afectan la convivencia familiar. La posibilidad de dialogar y repensar los conflictos con la intervenci\u00f3n de un profesional especializado ayuda a encontrar nuevas formas de relaci\u00f3n que faciliten una mejor convivencia.<\/span><\/span><span style=\"color: #33cccc;\"><span style=\"font-family: helvetica, arial, sans-serif;\"><div class=\"hrule clearfix\"><\/div><\/span><\/span><\/span><\/p>\n<p style=\"text-align: left;\" align=\"CENTER\"><span style=\"font-size: 18pt;\"><strong><span style=\"font-family: helvetica, arial, sans-serif;\">Tratamiento farmacol\u00f3gico<\/span><\/strong><\/span><\/p>\n<p style=\"text-align: left;\" align=\"CENTER\"><span style=\"font-size: 12pt;\"><span style=\"color: #33cccc;\"><span style=\"font-family: helvetica, arial, sans-serif;\">Entrevistas psiqui\u00e1tricas para indicar la medicaci\u00f3n m\u00e1s adecuada cuando el momento y la sintomatolog\u00eda del paciente lo requieran.<\/span><\/span><span style=\"color: #33cccc;\"><span style=\"font-family: helvetica, arial, sans-serif;\"><div class=\"hrule clearfix\"><\/div><\/span><\/span><\/span><\/p>\n","protected":false},"excerpt":{"rendered":"<p>Diagn\u00f3stico y evaluaci\u00f3n psicol\u00f3gicos A veces es necesaria una etapa diagn\u00f3stica para indicar la forma de atenci\u00f3n m\u00e1s adecuada.\u00a0Se realiza a trav\u00e9s de la exploraci\u00f3n mediante entrevistas con los padres y con el ni\u00f1o o ni\u00f1a y de la\u00a0aplicaci\u00f3n de &hellip; <a href=\"https:\/\/chmc.es\/wordpress\/area-terapeutica\/\">Continuar<\/a><\/p>\n","protected":false},"author":1,"featured_media":0,"parent":0,"menu_order":0,"comment_status":"closed","ping_status":"closed","template":"","meta":{"kt_blocks_editor_width":"","footnotes":""},"class_list":["post-157","page","type-page","status-publish","hentry"],"yoast_head":"<!-- This site is optimized with the Yoast SEO plugin v27.1.1 - https:\/\/yoast.com\/product\/yoast-seo-wordpress\/ -->\n<title>\u00c1rea terap\u00e9utica - CHMC<\/title>\n<meta name=\"robots\" content=\"index, follow, max-snippet:-1, max-image-preview:large, max-video-preview:-1\" \/>\n<link rel=\"canonical\" href=\"https:\/\/chmc.es\/wordpress\/area-terapeutica\/\" \/>\n<meta property=\"og:locale\" content=\"es_ES\" \/>\n<meta property=\"og:type\" content=\"article\" \/>\n<meta property=\"og:title\" content=\"\u00c1rea terap\u00e9utica - CHMC\" \/>\n<meta property=\"og:description\" content=\"Diagn\u00f3stico y evaluaci\u00f3n psicol\u00f3gicos A veces es necesaria una etapa diagn\u00f3stica para indicar la forma de atenci\u00f3n m\u00e1s adecuada.\u00a0Se realiza a trav\u00e9s de la exploraci\u00f3n mediante entrevistas con los padres y con el ni\u00f1o o ni\u00f1a y de la\u00a0aplicaci\u00f3n de &hellip; Continuar\" \/>\n<meta property=\"og:url\" content=\"https:\/\/chmc.es\/wordpress\/area-terapeutica\/\" \/>\n<meta property=\"og:site_name\" content=\"CHMC\" \/>\n<meta property=\"article:modified_time\" content=\"2017-07-19T17:59:41+00:00\" \/>\n<meta property=\"og:image\" content=\"https:\/\/chmc.es\/wordpress\/wp-content\/uploads\/2025\/02\/Disseny-sense-titol-scaled.jpg\" \/>\n\t<meta property=\"og:image:width\" content=\"2560\" \/>\n\t<meta property=\"og:image:height\" content=\"1080\" \/>\n\t<meta property=\"og:image:type\" content=\"image\/jpeg\" \/>\n<meta name=\"twitter:card\" content=\"summary_large_image\" \/>\n<meta name=\"twitter:label1\" content=\"Tiempo de lectura\" \/>\n\t<meta name=\"twitter:data1\" content=\"2 minutos\" \/>\n<script type=\"application\/ld+json\" class=\"yoast-schema-graph\">{\"@context\":\"https:\/\/schema.org\",\"@graph\":[{\"@type\":\"WebPage\",\"@id\":\"https:\/\/chmc.es\/wordpress\/area-terapeutica\/\",\"url\":\"https:\/\/chmc.es\/wordpress\/area-terapeutica\/\",\"name\":\"\u00c1rea terap\u00e9utica - CHMC\",\"isPartOf\":{\"@id\":\"https:\/\/chmc.es\/wordpress\/#website\"},\"datePublished\":\"2017-04-16T10:16:40+00:00\",\"dateModified\":\"2017-07-19T17:59:41+00:00\",\"breadcrumb\":{\"@id\":\"https:\/\/chmc.es\/wordpress\/area-terapeutica\/#breadcrumb\"},\"inLanguage\":\"es\",\"potentialAction\":[{\"@type\":\"ReadAction\",\"target\":[\"https:\/\/chmc.es\/wordpress\/area-terapeutica\/\"]}]},{\"@type\":\"BreadcrumbList\",\"@id\":\"https:\/\/chmc.es\/wordpress\/area-terapeutica\/#breadcrumb\",\"itemListElement\":[{\"@type\":\"ListItem\",\"position\":1,\"name\":\"Portada\",\"item\":\"https:\/\/chmc.es\/wordpress\/\"},{\"@type\":\"ListItem\",\"position\":2,\"name\":\"\u00c1rea terap\u00e9utica\"}]},{\"@type\":\"WebSite\",\"@id\":\"https:\/\/chmc.es\/wordpress\/#website\",\"url\":\"https:\/\/chmc.es\/wordpress\/\",\"name\":\"CHMC\",\"description\":\"PSICOLOGIA\",\"publisher\":{\"@id\":\"https:\/\/chmc.es\/wordpress\/#organization\"},\"potentialAction\":[{\"@type\":\"SearchAction\",\"target\":{\"@type\":\"EntryPoint\",\"urlTemplate\":\"https:\/\/chmc.es\/wordpress\/?s={search_term_string}\"},\"query-input\":{\"@type\":\"PropertyValueSpecification\",\"valueRequired\":true,\"valueName\":\"search_term_string\"}}],\"inLanguage\":\"es\"},{\"@type\":\"Organization\",\"@id\":\"https:\/\/chmc.es\/wordpress\/#organization\",\"name\":\"CHMC\",\"url\":\"https:\/\/chmc.es\/wordpress\/\",\"logo\":{\"@type\":\"ImageObject\",\"inLanguage\":\"es\",\"@id\":\"https:\/\/chmc.es\/wordpress\/#\/schema\/logo\/image\/\",\"url\":\"https:\/\/chmc.es\/wordpress\/wp-content\/uploads\/2025\/02\/chmc.jpg\",\"contentUrl\":\"https:\/\/chmc.es\/wordpress\/wp-content\/uploads\/2025\/02\/chmc.jpg\",\"width\":1080,\"height\":1080,\"caption\":\"CHMC\"},\"image\":{\"@id\":\"https:\/\/chmc.es\/wordpress\/#\/schema\/logo\/image\/\"}}]}<\/script>\n<!-- \/ Yoast SEO plugin. -->","yoast_head_json":{"title":"\u00c1rea terap\u00e9utica - CHMC","robots":{"index":"index","follow":"follow","max-snippet":"max-snippet:-1","max-image-preview":"max-image-preview:large","max-video-preview":"max-video-preview:-1"},"canonical":"https:\/\/chmc.es\/wordpress\/area-terapeutica\/","og_locale":"es_ES","og_type":"article","og_title":"\u00c1rea terap\u00e9utica - CHMC","og_description":"Diagn\u00f3stico y evaluaci\u00f3n psicol\u00f3gicos A veces es necesaria una etapa diagn\u00f3stica para indicar la forma de atenci\u00f3n m\u00e1s adecuada.\u00a0Se realiza a trav\u00e9s de la exploraci\u00f3n mediante entrevistas con los padres y con el ni\u00f1o o ni\u00f1a y de la\u00a0aplicaci\u00f3n de &hellip; Continuar","og_url":"https:\/\/chmc.es\/wordpress\/area-terapeutica\/","og_site_name":"CHMC","article_modified_time":"2017-07-19T17:59:41+00:00","og_image":[{"width":2560,"height":1080,"url":"https:\/\/chmc.es\/wordpress\/wp-content\/uploads\/2025\/02\/Disseny-sense-titol-scaled.jpg","type":"image\/jpeg"}],"twitter_card":"summary_large_image","twitter_misc":{"Tiempo de lectura":"2 minutos"},"schema":{"@context":"https:\/\/schema.org","@graph":[{"@type":"WebPage","@id":"https:\/\/chmc.es\/wordpress\/area-terapeutica\/","url":"https:\/\/chmc.es\/wordpress\/area-terapeutica\/","name":"\u00c1rea terap\u00e9utica - CHMC","isPartOf":{"@id":"https:\/\/chmc.es\/wordpress\/#website"},"datePublished":"2017-04-16T10:16:40+00:00","dateModified":"2017-07-19T17:59:41+00:00","breadcrumb":{"@id":"https:\/\/chmc.es\/wordpress\/area-terapeutica\/#breadcrumb"},"inLanguage":"es","potentialAction":[{"@type":"ReadAction","target":["https:\/\/chmc.es\/wordpress\/area-terapeutica\/"]}]},{"@type":"BreadcrumbList","@id":"https:\/\/chmc.es\/wordpress\/area-terapeutica\/#breadcrumb","itemListElement":[{"@type":"ListItem","position":1,"name":"Portada","item":"https:\/\/chmc.es\/wordpress\/"},{"@type":"ListItem","position":2,"name":"\u00c1rea terap\u00e9utica"}]},{"@type":"WebSite","@id":"https:\/\/chmc.es\/wordpress\/#website","url":"https:\/\/chmc.es\/wordpress\/","name":"CHMC","description":"PSICOLOGIA","publisher":{"@id":"https:\/\/chmc.es\/wordpress\/#organization"},"potentialAction":[{"@type":"SearchAction","target":{"@type":"EntryPoint","urlTemplate":"https:\/\/chmc.es\/wordpress\/?s={search_term_string}"},"query-input":{"@type":"PropertyValueSpecification","valueRequired":true,"valueName":"search_term_string"}}],"inLanguage":"es"},{"@type":"Organization","@id":"https:\/\/chmc.es\/wordpress\/#organization","name":"CHMC","url":"https:\/\/chmc.es\/wordpress\/","logo":{"@type":"ImageObject","inLanguage":"es","@id":"https:\/\/chmc.es\/wordpress\/#\/schema\/logo\/image\/","url":"https:\/\/chmc.es\/wordpress\/wp-content\/uploads\/2025\/02\/chmc.jpg","contentUrl":"https:\/\/chmc.es\/wordpress\/wp-content\/uploads\/2025\/02\/chmc.jpg","width":1080,"height":1080,"caption":"CHMC"},"image":{"@id":"https:\/\/chmc.es\/wordpress\/#\/schema\/logo\/image\/"}}]}},"_links":{"self":[{"href":"https:\/\/chmc.es\/wordpress\/wp-json\/wp\/v2\/pages\/157","targetHints":{"allow":["GET"]}}],"collection":[{"href":"https:\/\/chmc.es\/wordpress\/wp-json\/wp\/v2\/pages"}],"about":[{"href":"https:\/\/chmc.es\/wordpress\/wp-json\/wp\/v2\/types\/page"}],"author":[{"embeddable":true,"href":"https:\/\/chmc.es\/wordpress\/wp-json\/wp\/v2\/users\/1"}],"replies":[{"embeddable":true,"href":"https:\/\/chmc.es\/wordpress\/wp-json\/wp\/v2\/comments?post=157"}],"version-history":[{"count":48,"href":"https:\/\/chmc.es\/wordpress\/wp-json\/wp\/v2\/pages\/157\/revisions"}],"predecessor-version":[{"id":417,"href":"https:\/\/chmc.es\/wordpress\/wp-json\/wp\/v2\/pages\/157\/revisions\/417"}],"wp:attachment":[{"href":"https:\/\/chmc.es\/wordpress\/wp-json\/wp\/v2\/media?parent=157"}],"curies":[{"name":"wp","href":"https:\/\/api.w.org\/{rel}","templated":true}]}}