{"id":161,"date":"2017-04-16T10:19:10","date_gmt":"2017-04-16T10:19:10","guid":{"rendered":"http:\/\/chmc.es\/wordpress\/?page_id=161"},"modified":"2024-03-03T16:31:32","modified_gmt":"2024-03-03T16:31:32","slug":"area-asistencial","status":"publish","type":"page","link":"https:\/\/chmc.es\/wordpress\/area-asistencial\/","title":{"rendered":"\u00c1rea asistencial &#8211; Cornell\u00e0"},"content":{"rendered":"<ul>\n<li><span style=\"font-family: helvetica, arial, sans-serif; font-size: 10pt;\">Desde el 2010, llevamos a cabo en el CHMC un programa de atenci\u00f3n psicol\u00f3gica a personas que est\u00e1n en paro <b>(SAPPAC).<\/b> Las primeras 10 sesiones de dicho programa son gratuitas.<\/span><\/li>\n<li><span style=\"font-size: 10pt; font-family: helvetica, arial, sans-serif;\">Estamos comenzando a desarrollar un programa similar de atenci\u00f3n psicol\u00f3gica para ni\u00f1os y adolescentes.<\/span><\/li>\n<li><span style=\"font-size: 10pt; font-family: helvetica, arial, sans-serif;\">En preparaci\u00f3n:<\/span>\n<ul>\n<li>Grupos y talleres para personas mayores en situaci\u00f3n de soledad, depresi\u00f3n y aislamiento.<\/li>\n<li>Taller para voluntarios que ejercen como cuidadores.<\/li>\n<\/ul>\n<\/li>\n<\/ul>\n<p><span style=\"font-family: helvetica, arial, sans-serif; font-size: 10pt;\"><b> <\/b><span style=\"color: #00b5ad;\"><i><b>\u00a1No dudes en pedir cualquier aclaraci\u00f3n que necesites!<\/b><\/i><\/span><\/span><\/p>\n<p>&nbsp;<\/p>\n<p><span style=\"font-family: helvetica, arial, sans-serif; font-size: 10pt;\"><span style=\"color: #00b0f0;\"><i><b><img loading=\"lazy\" decoding=\"async\" class=\"wp-image-653 aligncenter\" src=\"https:\/\/chmc.es\/wordpress\/wp-content\/uploads\/2017\/04\/SAPPAC-castellano.png\" alt=\"\" width=\"460\" height=\"650\" srcset=\"https:\/\/chmc.es\/wordpress\/wp-content\/uploads\/2017\/04\/SAPPAC-castellano.png 1414w, https:\/\/chmc.es\/wordpress\/wp-content\/uploads\/2017\/04\/SAPPAC-castellano-212x300.png 212w, https:\/\/chmc.es\/wordpress\/wp-content\/uploads\/2017\/04\/SAPPAC-castellano-768x1086.png 768w, https:\/\/chmc.es\/wordpress\/wp-content\/uploads\/2017\/04\/SAPPAC-castellano-724x1024.png 724w\" sizes=\"auto, (max-width: 460px) 100vw, 460px\" \/><\/b><\/i><\/span><\/span><\/p>\n","protected":false},"excerpt":{"rendered":"<p>Desde el 2010, llevamos a cabo en el CHMC un programa de atenci\u00f3n psicol\u00f3gica a personas que est\u00e1n en paro (SAPPAC). Las primeras 10 sesiones de dicho programa son gratuitas. Estamos comenzando a desarrollar un programa similar de atenci\u00f3n psicol\u00f3gica &hellip; <a href=\"https:\/\/chmc.es\/wordpress\/area-asistencial\/\">Continuar<\/a><\/p>\n","protected":false},"author":1,"featured_media":0,"parent":0,"menu_order":0,"comment_status":"closed","ping_status":"closed","template":"","meta":{"kt_blocks_editor_width":"","footnotes":""},"class_list":["post-161","page","type-page","status-publish","hentry"],"yoast_head":"<!-- This site is optimized with the Yoast SEO plugin v27.1.1 - https:\/\/yoast.com\/product\/yoast-seo-wordpress\/ -->\n<title>\u00c1rea asistencial - Cornell\u00e0 - CHMC<\/title>\n<meta name=\"robots\" content=\"index, follow, max-snippet:-1, max-image-preview:large, max-video-preview:-1\" \/>\n<link rel=\"canonical\" href=\"https:\/\/chmc.es\/wordpress\/area-asistencial\/\" \/>\n<meta property=\"og:locale\" content=\"es_ES\" \/>\n<meta property=\"og:type\" content=\"article\" \/>\n<meta property=\"og:title\" content=\"\u00c1rea asistencial - Cornell\u00e0 - CHMC\" \/>\n<meta property=\"og:description\" content=\"Desde el 2010, llevamos a cabo en el CHMC un programa de atenci\u00f3n psicol\u00f3gica a personas que est\u00e1n en paro (SAPPAC). Las primeras 10 sesiones de dicho programa son gratuitas. Estamos comenzando a desarrollar un programa similar de atenci\u00f3n psicol\u00f3gica &hellip; Continuar\" \/>\n<meta property=\"og:url\" content=\"https:\/\/chmc.es\/wordpress\/area-asistencial\/\" \/>\n<meta property=\"og:site_name\" content=\"CHMC\" \/>\n<meta property=\"article:modified_time\" content=\"2024-03-03T16:31:32+00:00\" \/>\n<meta property=\"og:image\" content=\"http:\/\/chmc.es\/wordpress\/wp-content\/uploads\/2017\/04\/SAPPAC-castellano.png\" \/>\n<meta name=\"twitter:card\" content=\"summary_large_image\" \/>\n<script type=\"application\/ld+json\" class=\"yoast-schema-graph\">{\"@context\":\"https:\/\/schema.org\",\"@graph\":[{\"@type\":\"WebPage\",\"@id\":\"https:\/\/chmc.es\/wordpress\/area-asistencial\/\",\"url\":\"https:\/\/chmc.es\/wordpress\/area-asistencial\/\",\"name\":\"\u00c1rea asistencial - Cornell\u00e0 - CHMC\",\"isPartOf\":{\"@id\":\"https:\/\/chmc.es\/wordpress\/#website\"},\"primaryImageOfPage\":{\"@id\":\"https:\/\/chmc.es\/wordpress\/area-asistencial\/#primaryimage\"},\"image\":{\"@id\":\"https:\/\/chmc.es\/wordpress\/area-asistencial\/#primaryimage\"},\"thumbnailUrl\":\"http:\/\/chmc.es\/wordpress\/wp-content\/uploads\/2017\/04\/SAPPAC-castellano.png\",\"datePublished\":\"2017-04-16T10:19:10+00:00\",\"dateModified\":\"2024-03-03T16:31:32+00:00\",\"breadcrumb\":{\"@id\":\"https:\/\/chmc.es\/wordpress\/area-asistencial\/#breadcrumb\"},\"inLanguage\":\"es\",\"potentialAction\":[{\"@type\":\"ReadAction\",\"target\":[\"https:\/\/chmc.es\/wordpress\/area-asistencial\/\"]}]},{\"@type\":\"ImageObject\",\"inLanguage\":\"es\",\"@id\":\"https:\/\/chmc.es\/wordpress\/area-asistencial\/#primaryimage\",\"url\":\"https:\/\/chmc.es\/wordpress\/wp-content\/uploads\/2017\/04\/SAPPAC-castellano.png\",\"contentUrl\":\"https:\/\/chmc.es\/wordpress\/wp-content\/uploads\/2017\/04\/SAPPAC-castellano.png\",\"width\":1414,\"height\":2000},{\"@type\":\"BreadcrumbList\",\"@id\":\"https:\/\/chmc.es\/wordpress\/area-asistencial\/#breadcrumb\",\"itemListElement\":[{\"@type\":\"ListItem\",\"position\":1,\"name\":\"Portada\",\"item\":\"https:\/\/chmc.es\/wordpress\/\"},{\"@type\":\"ListItem\",\"position\":2,\"name\":\"\u00c1rea asistencial &#8211; Cornell\u00e0\"}]},{\"@type\":\"WebSite\",\"@id\":\"https:\/\/chmc.es\/wordpress\/#website\",\"url\":\"https:\/\/chmc.es\/wordpress\/\",\"name\":\"CHMC\",\"description\":\"PSICOLOGIA\",\"publisher\":{\"@id\":\"https:\/\/chmc.es\/wordpress\/#organization\"},\"potentialAction\":[{\"@type\":\"SearchAction\",\"target\":{\"@type\":\"EntryPoint\",\"urlTemplate\":\"https:\/\/chmc.es\/wordpress\/?s={search_term_string}\"},\"query-input\":{\"@type\":\"PropertyValueSpecification\",\"valueRequired\":true,\"valueName\":\"search_term_string\"}}],\"inLanguage\":\"es\"},{\"@type\":\"Organization\",\"@id\":\"https:\/\/chmc.es\/wordpress\/#organization\",\"name\":\"CHMC\",\"url\":\"https:\/\/chmc.es\/wordpress\/\",\"logo\":{\"@type\":\"ImageObject\",\"inLanguage\":\"es\",\"@id\":\"https:\/\/chmc.es\/wordpress\/#\/schema\/logo\/image\/\",\"url\":\"https:\/\/chmc.es\/wordpress\/wp-content\/uploads\/2025\/02\/chmc.jpg\",\"contentUrl\":\"https:\/\/chmc.es\/wordpress\/wp-content\/uploads\/2025\/02\/chmc.jpg\",\"width\":1080,\"height\":1080,\"caption\":\"CHMC\"},\"image\":{\"@id\":\"https:\/\/chmc.es\/wordpress\/#\/schema\/logo\/image\/\"}}]}<\/script>\n<!-- \/ Yoast SEO plugin. -->","yoast_head_json":{"title":"\u00c1rea asistencial - Cornell\u00e0 - CHMC","robots":{"index":"index","follow":"follow","max-snippet":"max-snippet:-1","max-image-preview":"max-image-preview:large","max-video-preview":"max-video-preview:-1"},"canonical":"https:\/\/chmc.es\/wordpress\/area-asistencial\/","og_locale":"es_ES","og_type":"article","og_title":"\u00c1rea asistencial - Cornell\u00e0 - CHMC","og_description":"Desde el 2010, llevamos a cabo en el CHMC un programa de atenci\u00f3n psicol\u00f3gica a personas que est\u00e1n en paro (SAPPAC). Las primeras 10 sesiones de dicho programa son gratuitas. Estamos comenzando a desarrollar un programa similar de atenci\u00f3n psicol\u00f3gica &hellip; Continuar","og_url":"https:\/\/chmc.es\/wordpress\/area-asistencial\/","og_site_name":"CHMC","article_modified_time":"2024-03-03T16:31:32+00:00","og_image":[{"url":"http:\/\/chmc.es\/wordpress\/wp-content\/uploads\/2017\/04\/SAPPAC-castellano.png","type":"","width":"","height":""}],"twitter_card":"summary_large_image","schema":{"@context":"https:\/\/schema.org","@graph":[{"@type":"WebPage","@id":"https:\/\/chmc.es\/wordpress\/area-asistencial\/","url":"https:\/\/chmc.es\/wordpress\/area-asistencial\/","name":"\u00c1rea asistencial - Cornell\u00e0 - CHMC","isPartOf":{"@id":"https:\/\/chmc.es\/wordpress\/#website"},"primaryImageOfPage":{"@id":"https:\/\/chmc.es\/wordpress\/area-asistencial\/#primaryimage"},"image":{"@id":"https:\/\/chmc.es\/wordpress\/area-asistencial\/#primaryimage"},"thumbnailUrl":"http:\/\/chmc.es\/wordpress\/wp-content\/uploads\/2017\/04\/SAPPAC-castellano.png","datePublished":"2017-04-16T10:19:10+00:00","dateModified":"2024-03-03T16:31:32+00:00","breadcrumb":{"@id":"https:\/\/chmc.es\/wordpress\/area-asistencial\/#breadcrumb"},"inLanguage":"es","potentialAction":[{"@type":"ReadAction","target":["https:\/\/chmc.es\/wordpress\/area-asistencial\/"]}]},{"@type":"ImageObject","inLanguage":"es","@id":"https:\/\/chmc.es\/wordpress\/area-asistencial\/#primaryimage","url":"https:\/\/chmc.es\/wordpress\/wp-content\/uploads\/2017\/04\/SAPPAC-castellano.png","contentUrl":"https:\/\/chmc.es\/wordpress\/wp-content\/uploads\/2017\/04\/SAPPAC-castellano.png","width":1414,"height":2000},{"@type":"BreadcrumbList","@id":"https:\/\/chmc.es\/wordpress\/area-asistencial\/#breadcrumb","itemListElement":[{"@type":"ListItem","position":1,"name":"Portada","item":"https:\/\/chmc.es\/wordpress\/"},{"@type":"ListItem","position":2,"name":"\u00c1rea asistencial &#8211; Cornell\u00e0"}]},{"@type":"WebSite","@id":"https:\/\/chmc.es\/wordpress\/#website","url":"https:\/\/chmc.es\/wordpress\/","name":"CHMC","description":"PSICOLOGIA","publisher":{"@id":"https:\/\/chmc.es\/wordpress\/#organization"},"potentialAction":[{"@type":"SearchAction","target":{"@type":"EntryPoint","urlTemplate":"https:\/\/chmc.es\/wordpress\/?s={search_term_string}"},"query-input":{"@type":"PropertyValueSpecification","valueRequired":true,"valueName":"search_term_string"}}],"inLanguage":"es"},{"@type":"Organization","@id":"https:\/\/chmc.es\/wordpress\/#organization","name":"CHMC","url":"https:\/\/chmc.es\/wordpress\/","logo":{"@type":"ImageObject","inLanguage":"es","@id":"https:\/\/chmc.es\/wordpress\/#\/schema\/logo\/image\/","url":"https:\/\/chmc.es\/wordpress\/wp-content\/uploads\/2025\/02\/chmc.jpg","contentUrl":"https:\/\/chmc.es\/wordpress\/wp-content\/uploads\/2025\/02\/chmc.jpg","width":1080,"height":1080,"caption":"CHMC"},"image":{"@id":"https:\/\/chmc.es\/wordpress\/#\/schema\/logo\/image\/"}}]}},"_links":{"self":[{"href":"https:\/\/chmc.es\/wordpress\/wp-json\/wp\/v2\/pages\/161","targetHints":{"allow":["GET"]}}],"collection":[{"href":"https:\/\/chmc.es\/wordpress\/wp-json\/wp\/v2\/pages"}],"about":[{"href":"https:\/\/chmc.es\/wordpress\/wp-json\/wp\/v2\/types\/page"}],"author":[{"embeddable":true,"href":"https:\/\/chmc.es\/wordpress\/wp-json\/wp\/v2\/users\/1"}],"replies":[{"embeddable":true,"href":"https:\/\/chmc.es\/wordpress\/wp-json\/wp\/v2\/comments?post=161"}],"version-history":[{"count":12,"href":"https:\/\/chmc.es\/wordpress\/wp-json\/wp\/v2\/pages\/161\/revisions"}],"predecessor-version":[{"id":699,"href":"https:\/\/chmc.es\/wordpress\/wp-json\/wp\/v2\/pages\/161\/revisions\/699"}],"wp:attachment":[{"href":"https:\/\/chmc.es\/wordpress\/wp-json\/wp\/v2\/media?parent=161"}],"curies":[{"name":"wp","href":"https:\/\/api.w.org\/{rel}","templated":true}]}}