{"id":295,"date":"2017-06-18T11:20:05","date_gmt":"2017-06-18T11:20:05","guid":{"rendered":"http:\/\/chmc.es\/wordpress\/?page_id=295"},"modified":"2017-07-19T17:25:00","modified_gmt":"2017-07-19T17:25:00","slug":"area-terapeutica-2","status":"publish","type":"page","link":"https:\/\/chmc.es\/wordpress\/ca\/area-terapeutica-2\/","title":{"rendered":"\u00c0rea terap\u00e8utica"},"content":{"rendered":"<p style=\"text-align: left;\" align=\"CENTER\"><span style=\"font-size: 18pt;\"><span style=\"font-family: helvetica, arial, sans-serif;\"><strong>Diagn\u00f2stic i evaluaci\u00f3 psicol\u00f2gica<\/strong><\/span><\/span><\/p>\n<p style=\"text-align: left;\" align=\"LEFT\"><span style=\"font-size: 12pt;\"><span style=\"color: #33cccc;\"><span style=\"font-family: helvetica, arial, sans-serif;\">L\u2019 etapa diagn\u00f2stica serveix per indicar la forma d\u2019 atenci\u00f3 m\u00e9s adient.\u00a0<\/span><\/span><\/span><span style=\"font-size: 12pt;\"><span style=\"color: #33cccc;\"><span style=\"font-family: helvetica, arial, sans-serif;\">Es tracta d\u2019 una exploraci\u00f3 mitjan\u00e7ant entrevistes i de l\u2019 aplicaci\u00f3 de proves instrumentals i projectives. En el cas de nens i adolescents, tamb\u00e9 hi ha entrevistes pr\u00e8vies i de devoluci\u00f3 amb els pares.<br \/>\n<div class=\"hrule clearfix\"><\/div><\/span><\/span><\/span><\/p>\n<p style=\"text-align: left;\" align=\"CENTER\"><span style=\"font-size: 18pt;\"><span style=\"font-family: helvetica, arial, sans-serif;\"><strong>Psicoter\u00e0pia individual\u00a0<\/strong><strong><span style=\"font-family: inherit;\">per a nens<\/span><\/strong><\/span><\/span><\/p>\n<p style=\"text-align: left;\" align=\"CENTER\"><span style=\"color: #33cccc; font-size: 12pt;\"><span style=\"font-family: helvetica, arial, sans-serif;\">La relaci\u00f3 terap\u00e8utica amb nens \u00e9s a trav\u00e9s del joc, el dibuix i la paraula. Ajuda a gestionar les dificultats i conflictes, a desenvolupar les capacitats y superar f\u00f2bies, inhibicions, s\u00edmptomes i hiperactivitat.<div class=\"hrule clearfix\"><\/div><\/span><\/span><\/p>\n<p style=\"text-align: left;\" align=\"CENTER\"><span style=\"font-size: 18pt;\"><strong><span style=\"font-family: helvetica, arial, sans-serif;\">Psicoter\u00e0pia individual per a adolescents<\/span><\/strong><\/span><\/p>\n<p style=\"text-align: left;\" align=\"CENTER\"><span style=\"color: #33cccc; font-size: 12pt;\"><span style=\"font-family: helvetica, arial, sans-serif;\">L\u2019adolesc\u00e8ncia \u00e9s un per\u00edode de crisi on pot haver-hi malestar, angoixes, problemes de relaci\u00f3, des\u00e0nim i dificultats amb els estudis i l\u2019entorn. Disposar d\u2019un espai on es pugui parlar amb un terapeuta especialitzat pot ser de gran ajut per a l\u2019adolescent i la seva fam\u00edlia.<br \/>\n<div class=\"hrule clearfix\"><\/div><\/span><\/span><\/p>\n<p style=\"text-align: left;\" align=\"CENTER\"><span style=\"font-size: 18pt;\"><span style=\"font-family: helvetica, arial, sans-serif;\"><strong>Psicoter\u00e0pia individual per a adults<\/strong><\/span><\/span><\/p>\n<p style=\"text-align: left;\" align=\"CENTER\"><span style=\"color: #33cccc; font-size: 12pt;\"><span style=\"font-family: helvetica, arial, sans-serif;\">\u00c9s un proc\u00e9s basat en la relaci\u00f3 pacient-terapeuta, un espai on ser escoltat, expressar els sentiments i ordenar les idees. La ter\u00e0pia pot transformar la imatge de s\u00ed mateix i la relaci\u00f3 amb els altres, i ajudar a desfer-se del patiment i de la frustraci\u00f3.<br \/>\n<div class=\"hrule clearfix\"><\/div><\/span><\/span><\/p>\n<p style=\"text-align: left;\" align=\"CENTER\"><span style=\"font-size: 18pt;\"><span style=\"font-family: helvetica, arial, sans-serif;\"><strong>Psicoter\u00e0pia de parella<\/strong><\/span><\/span><\/p>\n<p style=\"text-align: left;\" align=\"JUSTIFY\"><span style=\"color: #33cccc; font-size: 12pt;\"><span style=\"font-family: helvetica, arial, sans-serif;\">La parella passa per moments de crisi que conv\u00e9 atendre a temps. Iniciar un proc\u00e9s d\u2019entrevistes terap\u00e8utiques, permet dialogar entre els dos membres de la parella, alleugerar el malestar i trobar la soluci\u00f3 m\u00e9s adequada.<div class=\"hrule clearfix\"><\/div><\/span><\/span><\/p>\n<p style=\"text-align: left;\" align=\"CENTER\"><span style=\"font-size: 18pt;\"><span style=\"font-family: helvetica, arial, sans-serif;\"><strong>Psicoter\u00e0pia de grup\u00a0<\/strong><strong><span style=\"font-family: inherit;\">per a nens<\/span><\/strong><\/span><\/span><\/p>\n<p style=\"text-align: left;\" align=\"CENTER\"><span style=\"color: #33cccc; font-size: 12pt;\"><span style=\"font-family: helvetica, arial, sans-serif;\">Els nens s\u2019expressen a trav\u00e9s del joc i necessiten jugar per assolir les situacions que poden ser penoses o frustrants per a ells. Compartir experi\u00e8ncies amb els altres a trav\u00e9s del joc, el dibuix i la paraula, amb la orientaci\u00f3 d\u2019un terapeuta, ajuda a gestionar les emocions i afrontar les situacions conflictives.<div class=\"hrule clearfix\"><\/div><\/span><\/span><\/p>\n<p style=\"text-align: left;\" align=\"CENTER\"><span style=\"font-size: 18pt;\"><strong><span style=\"font-family: helvetica, arial, sans-serif;\">Psicoter\u00e0pia de grup per a adolescents\u00a0<\/span><\/strong><\/span><\/p>\n<p style=\"text-align: left;\" align=\"CENTER\"><span style=\"color: #33cccc; font-size: 12pt;\"><span style=\"font-family: helvetica, arial, sans-serif;\">En la adolesc\u00e8ncia, la necessitat de pertin\u00e8ncia a un grup adquireix m\u00e9s import\u00e0ncia.<br \/>\nEl grup d\u2019 iguals, coordinat per un terapeuta, refor\u00e7a l\u2019autoestima, ajuda a trobar noves maneres d\u2019afrontar les dificultats, disminueix l\u2019angoixa i les actuacions de risc.<div class=\"hrule clearfix\"><\/div><\/span><\/span><\/p>\n<p style=\"text-align: left;\" align=\"CENTER\"><span style=\"font-size: 18pt;\"><strong><span style=\"font-family: helvetica, arial, sans-serif;\">Entrevistes terap\u00e8utiques familiars\u00a0<\/span><\/strong><\/span><\/p>\n<p style=\"text-align: left;\" align=\"CENTER\"><span style=\"color: #33cccc; font-size: 12pt;\"><span style=\"font-family: helvetica, arial, sans-serif;\">De vegades, la problem\u00e0tica va m\u00e9s enll\u00e0 de l\u2019individu i els conflictes afecten la conviv\u00e8ncia familiar. La possibilitat de dialogar i pensar junts amb la intervenci\u00f3 d\u2019un professional, pot desbloquejar la situaci\u00f3 i facilitar una millor relaci\u00f3 familiar.<br \/>\n<div class=\"hrule clearfix\"><\/div><\/span><\/span><\/p>\n<p style=\"text-align: left;\" align=\"CENTER\"><span style=\"font-size: 18pt;\"><strong><span style=\"font-family: helvetica, arial, sans-serif;\">Tractament farmacol\u00f2gic<\/span><\/strong><\/span><\/p>\n<p style=\"text-align: left;\" align=\"CENTER\"><span style=\"color: #33cccc; font-size: 12pt;\"><span style=\"font-family: helvetica, arial, sans-serif;\">Quan la situaci\u00f3 ho requereix, el metge especialista pot indicar una medicaci\u00f3 que afavoreixi el proc\u00e9s de recuperaci\u00f3.<div class=\"hrule clearfix\"><\/div><\/span><\/span><\/p>\n","protected":false},"excerpt":{"rendered":"<p>Diagn\u00f2stic i evaluaci\u00f3 psicol\u00f2gica L\u2019 etapa diagn\u00f2stica serveix per indicar la forma d\u2019 atenci\u00f3 m\u00e9s adient.\u00a0Es tracta d\u2019 una exploraci\u00f3 mitjan\u00e7ant entrevistes i de l\u2019 aplicaci\u00f3 de proves instrumentals i projectives. En el cas de nens i adolescents, tamb\u00e9 hi &hellip; <a href=\"https:\/\/chmc.es\/wordpress\/ca\/area-terapeutica-2\/\">Continuar<\/a><\/p>\n","protected":false},"author":1,"featured_media":0,"parent":0,"menu_order":0,"comment_status":"closed","ping_status":"closed","template":"","meta":{"kt_blocks_editor_width":"","footnotes":""},"class_list":["post-295","page","type-page","status-publish","hentry"],"yoast_head":"<!-- This site is optimized with the Yoast SEO plugin v27.1.1 - https:\/\/yoast.com\/product\/yoast-seo-wordpress\/ -->\n<title>\u00c0rea terap\u00e8utica - CHMC<\/title>\n<meta name=\"robots\" content=\"index, follow, max-snippet:-1, max-image-preview:large, max-video-preview:-1\" \/>\n<link rel=\"canonical\" href=\"https:\/\/chmc.es\/wordpress\/ca\/area-terapeutica-2\/\" \/>\n<meta property=\"og:locale\" content=\"es_ES\" \/>\n<meta property=\"og:type\" content=\"article\" \/>\n<meta property=\"og:title\" content=\"\u00c0rea terap\u00e8utica - CHMC\" \/>\n<meta property=\"og:description\" content=\"Diagn\u00f2stic i evaluaci\u00f3 psicol\u00f2gica L\u2019 etapa diagn\u00f2stica serveix per indicar la forma d\u2019 atenci\u00f3 m\u00e9s adient.\u00a0Es tracta d\u2019 una exploraci\u00f3 mitjan\u00e7ant entrevistes i de l\u2019 aplicaci\u00f3 de proves instrumentals i projectives. En el cas de nens i adolescents, tamb\u00e9 hi &hellip; Continuar\" \/>\n<meta property=\"og:url\" content=\"https:\/\/chmc.es\/wordpress\/ca\/area-terapeutica-2\/\" \/>\n<meta property=\"og:site_name\" content=\"CHMC\" \/>\n<meta property=\"article:modified_time\" content=\"2017-07-19T17:25:00+00:00\" \/>\n<meta property=\"og:image\" content=\"https:\/\/chmc.es\/wordpress\/wp-content\/uploads\/2025\/02\/Disseny-sense-titol-scaled.jpg\" \/>\n\t<meta property=\"og:image:width\" content=\"2560\" \/>\n\t<meta property=\"og:image:height\" content=\"1080\" \/>\n\t<meta property=\"og:image:type\" content=\"image\/jpeg\" \/>\n<meta name=\"twitter:card\" content=\"summary_large_image\" \/>\n<meta name=\"twitter:label1\" content=\"Tiempo de lectura\" \/>\n\t<meta name=\"twitter:data1\" content=\"2 minutos\" \/>\n<script type=\"application\/ld+json\" class=\"yoast-schema-graph\">{\"@context\":\"https:\/\/schema.org\",\"@graph\":[{\"@type\":\"WebPage\",\"@id\":\"https:\/\/chmc.es\/wordpress\/ca\/area-terapeutica-2\/\",\"url\":\"https:\/\/chmc.es\/wordpress\/ca\/area-terapeutica-2\/\",\"name\":\"\u00c0rea terap\u00e8utica - CHMC\",\"isPartOf\":{\"@id\":\"https:\/\/chmc.es\/wordpress\/#website\"},\"datePublished\":\"2017-06-18T11:20:05+00:00\",\"dateModified\":\"2017-07-19T17:25:00+00:00\",\"breadcrumb\":{\"@id\":\"https:\/\/chmc.es\/wordpress\/ca\/area-terapeutica-2\/#breadcrumb\"},\"inLanguage\":\"es\",\"potentialAction\":[{\"@type\":\"ReadAction\",\"target\":[\"https:\/\/chmc.es\/wordpress\/ca\/area-terapeutica-2\/\"]}]},{\"@type\":\"BreadcrumbList\",\"@id\":\"https:\/\/chmc.es\/wordpress\/ca\/area-terapeutica-2\/#breadcrumb\",\"itemListElement\":[{\"@type\":\"ListItem\",\"position\":1,\"name\":\"Portada\",\"item\":\"https:\/\/chmc.es\/wordpress\/\"},{\"@type\":\"ListItem\",\"position\":2,\"name\":\"\u00c0rea terap\u00e8utica\"}]},{\"@type\":\"WebSite\",\"@id\":\"https:\/\/chmc.es\/wordpress\/#website\",\"url\":\"https:\/\/chmc.es\/wordpress\/\",\"name\":\"CHMC\",\"description\":\"PSICOLOGIA\",\"publisher\":{\"@id\":\"https:\/\/chmc.es\/wordpress\/#organization\"},\"potentialAction\":[{\"@type\":\"SearchAction\",\"target\":{\"@type\":\"EntryPoint\",\"urlTemplate\":\"https:\/\/chmc.es\/wordpress\/?s={search_term_string}\"},\"query-input\":{\"@type\":\"PropertyValueSpecification\",\"valueRequired\":true,\"valueName\":\"search_term_string\"}}],\"inLanguage\":\"es\"},{\"@type\":\"Organization\",\"@id\":\"https:\/\/chmc.es\/wordpress\/#organization\",\"name\":\"CHMC\",\"url\":\"https:\/\/chmc.es\/wordpress\/\",\"logo\":{\"@type\":\"ImageObject\",\"inLanguage\":\"es\",\"@id\":\"https:\/\/chmc.es\/wordpress\/#\/schema\/logo\/image\/\",\"url\":\"https:\/\/chmc.es\/wordpress\/wp-content\/uploads\/2025\/02\/chmc.jpg\",\"contentUrl\":\"https:\/\/chmc.es\/wordpress\/wp-content\/uploads\/2025\/02\/chmc.jpg\",\"width\":1080,\"height\":1080,\"caption\":\"CHMC\"},\"image\":{\"@id\":\"https:\/\/chmc.es\/wordpress\/#\/schema\/logo\/image\/\"}}]}<\/script>\n<!-- \/ Yoast SEO plugin. -->","yoast_head_json":{"title":"\u00c0rea terap\u00e8utica - CHMC","robots":{"index":"index","follow":"follow","max-snippet":"max-snippet:-1","max-image-preview":"max-image-preview:large","max-video-preview":"max-video-preview:-1"},"canonical":"https:\/\/chmc.es\/wordpress\/ca\/area-terapeutica-2\/","og_locale":"es_ES","og_type":"article","og_title":"\u00c0rea terap\u00e8utica - CHMC","og_description":"Diagn\u00f2stic i evaluaci\u00f3 psicol\u00f2gica L\u2019 etapa diagn\u00f2stica serveix per indicar la forma d\u2019 atenci\u00f3 m\u00e9s adient.\u00a0Es tracta d\u2019 una exploraci\u00f3 mitjan\u00e7ant entrevistes i de l\u2019 aplicaci\u00f3 de proves instrumentals i projectives. En el cas de nens i adolescents, tamb\u00e9 hi &hellip; Continuar","og_url":"https:\/\/chmc.es\/wordpress\/ca\/area-terapeutica-2\/","og_site_name":"CHMC","article_modified_time":"2017-07-19T17:25:00+00:00","og_image":[{"width":2560,"height":1080,"url":"https:\/\/chmc.es\/wordpress\/wp-content\/uploads\/2025\/02\/Disseny-sense-titol-scaled.jpg","type":"image\/jpeg"}],"twitter_card":"summary_large_image","twitter_misc":{"Tiempo de lectura":"2 minutos"},"schema":{"@context":"https:\/\/schema.org","@graph":[{"@type":"WebPage","@id":"https:\/\/chmc.es\/wordpress\/ca\/area-terapeutica-2\/","url":"https:\/\/chmc.es\/wordpress\/ca\/area-terapeutica-2\/","name":"\u00c0rea terap\u00e8utica - CHMC","isPartOf":{"@id":"https:\/\/chmc.es\/wordpress\/#website"},"datePublished":"2017-06-18T11:20:05+00:00","dateModified":"2017-07-19T17:25:00+00:00","breadcrumb":{"@id":"https:\/\/chmc.es\/wordpress\/ca\/area-terapeutica-2\/#breadcrumb"},"inLanguage":"es","potentialAction":[{"@type":"ReadAction","target":["https:\/\/chmc.es\/wordpress\/ca\/area-terapeutica-2\/"]}]},{"@type":"BreadcrumbList","@id":"https:\/\/chmc.es\/wordpress\/ca\/area-terapeutica-2\/#breadcrumb","itemListElement":[{"@type":"ListItem","position":1,"name":"Portada","item":"https:\/\/chmc.es\/wordpress\/"},{"@type":"ListItem","position":2,"name":"\u00c0rea terap\u00e8utica"}]},{"@type":"WebSite","@id":"https:\/\/chmc.es\/wordpress\/#website","url":"https:\/\/chmc.es\/wordpress\/","name":"CHMC","description":"PSICOLOGIA","publisher":{"@id":"https:\/\/chmc.es\/wordpress\/#organization"},"potentialAction":[{"@type":"SearchAction","target":{"@type":"EntryPoint","urlTemplate":"https:\/\/chmc.es\/wordpress\/?s={search_term_string}"},"query-input":{"@type":"PropertyValueSpecification","valueRequired":true,"valueName":"search_term_string"}}],"inLanguage":"es"},{"@type":"Organization","@id":"https:\/\/chmc.es\/wordpress\/#organization","name":"CHMC","url":"https:\/\/chmc.es\/wordpress\/","logo":{"@type":"ImageObject","inLanguage":"es","@id":"https:\/\/chmc.es\/wordpress\/#\/schema\/logo\/image\/","url":"https:\/\/chmc.es\/wordpress\/wp-content\/uploads\/2025\/02\/chmc.jpg","contentUrl":"https:\/\/chmc.es\/wordpress\/wp-content\/uploads\/2025\/02\/chmc.jpg","width":1080,"height":1080,"caption":"CHMC"},"image":{"@id":"https:\/\/chmc.es\/wordpress\/#\/schema\/logo\/image\/"}}]}},"_links":{"self":[{"href":"https:\/\/chmc.es\/wordpress\/wp-json\/wp\/v2\/pages\/295","targetHints":{"allow":["GET"]}}],"collection":[{"href":"https:\/\/chmc.es\/wordpress\/wp-json\/wp\/v2\/pages"}],"about":[{"href":"https:\/\/chmc.es\/wordpress\/wp-json\/wp\/v2\/types\/page"}],"author":[{"embeddable":true,"href":"https:\/\/chmc.es\/wordpress\/wp-json\/wp\/v2\/users\/1"}],"replies":[{"embeddable":true,"href":"https:\/\/chmc.es\/wordpress\/wp-json\/wp\/v2\/comments?post=295"}],"version-history":[{"count":13,"href":"https:\/\/chmc.es\/wordpress\/wp-json\/wp\/v2\/pages\/295\/revisions"}],"predecessor-version":[{"id":416,"href":"https:\/\/chmc.es\/wordpress\/wp-json\/wp\/v2\/pages\/295\/revisions\/416"}],"wp:attachment":[{"href":"https:\/\/chmc.es\/wordpress\/wp-json\/wp\/v2\/media?parent=295"}],"curies":[{"name":"wp","href":"https:\/\/api.w.org\/{rel}","templated":true}]}}