{"id":44,"date":"2017-02-15T17:38:06","date_gmt":"2017-02-15T17:38:06","guid":{"rendered":"http:\/\/chmc.es\/wordpress\/?page_id=44"},"modified":"2018-07-04T11:11:41","modified_gmt":"2018-07-04T11:11:41","slug":"adultos","status":"publish","type":"page","link":"https:\/\/chmc.es\/wordpress\/adultos\/","title":{"rendered":"Adultos"},"content":{"rendered":"<ul>\n<li class=\"p1\"><span class=\"s1\" style=\"font-family: helvetica, arial, sans-serif; font-size: 10pt; color: #33cccc;\">Cuando la ansiedad nos desborda y dificulta el d\u00eda a d\u00eda<\/span><\/li>\n<li class=\"p1\"><span class=\"s1\" style=\"font-family: helvetica, arial, sans-serif; font-size: 10pt; color: #33cccc;\"> Si no podemos superar una p\u00e9rdida y hacemos un gran esfuerzo para seguir viviendo<\/span><\/li>\n<li class=\"p1\"><span class=\"s1\" style=\"font-family: helvetica, arial, sans-serif; font-size: 10pt; color: #33cccc;\">Cuando hay problemas en la pareja o una ruptura sentimental<\/span><\/li>\n<li class=\"p1\"><span class=\"s1\" style=\"font-family: helvetica, arial, sans-serif; font-size: 10pt; color: #33cccc;\"> En situaciones de malestar en el trabajo<\/span><\/li>\n<li class=\"p1\"><span class=\"s1\" style=\"font-family: helvetica, arial, sans-serif; font-size: 10pt; color: #33cccc;\">Ante conductas adictivas o violentas<\/span><\/li>\n<li class=\"p1\"><span class=\"s1\" style=\"font-family: helvetica, arial, sans-serif; font-size: 10pt; color: #33cccc;\">En momentos en que una enfermedad org\u00e1nica nos hace m\u00e1s fr\u00e1giles<\/span><\/li>\n<li class=\"p1\"><span class=\"s1\" style=\"font-family: helvetica, arial, sans-serif; font-size: 10pt; color: #33cccc;\">Cuando tenemos miedo, inseguridad e inhibiciones que nos impiden avanzar<\/span><\/li>\n<li class=\"p1\"><span style=\"font-family: helvetica, arial, sans-serif; font-size: 10pt; color: #33cccc;\">Cuando no conseguimos superar el duelo de una p\u00e9rdida<\/span><\/li>\n<li class=\"p1\">\n<p class=\"p1\"><span class=\"s1\" style=\"font-family: helvetica, arial, sans-serif; font-size: 10pt; color: #33cccc;\">Si tenemos mucha ansiedad, insomnio, crisis de p\u00e1nico<\/span><\/p>\n<\/li>\n<\/ul>\n<p>&nbsp;<\/p>\n<p>&nbsp;<\/p>\n","protected":false},"excerpt":{"rendered":"<p>Cuando la ansiedad nos desborda y dificulta el d\u00eda a d\u00eda Si no podemos superar una p\u00e9rdida y hacemos un gran esfuerzo para seguir viviendo Cuando hay problemas en la pareja o una ruptura sentimental En situaciones de malestar en &hellip; <a href=\"https:\/\/chmc.es\/wordpress\/adultos\/\">Continuar<\/a><\/p>\n","protected":false},"author":1,"featured_media":0,"parent":0,"menu_order":0,"comment_status":"closed","ping_status":"closed","template":"","meta":{"kt_blocks_editor_width":"","footnotes":""},"class_list":["post-44","page","type-page","status-publish","hentry"],"yoast_head":"<!-- This site is optimized with the Yoast SEO plugin v27.1.1 - https:\/\/yoast.com\/product\/yoast-seo-wordpress\/ -->\n<title>Adultos - CHMC<\/title>\n<meta name=\"robots\" content=\"index, follow, max-snippet:-1, max-image-preview:large, max-video-preview:-1\" \/>\n<link rel=\"canonical\" href=\"https:\/\/chmc.es\/wordpress\/adultos\/\" \/>\n<meta property=\"og:locale\" content=\"es_ES\" \/>\n<meta property=\"og:type\" content=\"article\" \/>\n<meta property=\"og:title\" content=\"Adultos - CHMC\" \/>\n<meta property=\"og:description\" content=\"Cuando la ansiedad nos desborda y dificulta el d\u00eda a d\u00eda Si no podemos superar una p\u00e9rdida y hacemos un gran esfuerzo para seguir viviendo Cuando hay problemas en la pareja o una ruptura sentimental En situaciones de malestar en &hellip; Continuar\" \/>\n<meta property=\"og:url\" content=\"https:\/\/chmc.es\/wordpress\/adultos\/\" \/>\n<meta property=\"og:site_name\" content=\"CHMC\" \/>\n<meta property=\"article:modified_time\" content=\"2018-07-04T11:11:41+00:00\" \/>\n<meta property=\"og:image\" content=\"https:\/\/chmc.es\/wordpress\/wp-content\/uploads\/2025\/02\/Disseny-sense-titol-scaled.jpg\" \/>\n\t<meta property=\"og:image:width\" content=\"2560\" \/>\n\t<meta property=\"og:image:height\" content=\"1080\" \/>\n\t<meta property=\"og:image:type\" content=\"image\/jpeg\" \/>\n<meta name=\"twitter:card\" content=\"summary_large_image\" \/>\n<script type=\"application\/ld+json\" class=\"yoast-schema-graph\">{\"@context\":\"https:\/\/schema.org\",\"@graph\":[{\"@type\":\"WebPage\",\"@id\":\"https:\/\/chmc.es\/wordpress\/adultos\/\",\"url\":\"https:\/\/chmc.es\/wordpress\/adultos\/\",\"name\":\"Adultos - CHMC\",\"isPartOf\":{\"@id\":\"https:\/\/chmc.es\/wordpress\/#website\"},\"datePublished\":\"2017-02-15T17:38:06+00:00\",\"dateModified\":\"2018-07-04T11:11:41+00:00\",\"breadcrumb\":{\"@id\":\"https:\/\/chmc.es\/wordpress\/adultos\/#breadcrumb\"},\"inLanguage\":\"es\",\"potentialAction\":[{\"@type\":\"ReadAction\",\"target\":[\"https:\/\/chmc.es\/wordpress\/adultos\/\"]}]},{\"@type\":\"BreadcrumbList\",\"@id\":\"https:\/\/chmc.es\/wordpress\/adultos\/#breadcrumb\",\"itemListElement\":[{\"@type\":\"ListItem\",\"position\":1,\"name\":\"Portada\",\"item\":\"https:\/\/chmc.es\/wordpress\/\"},{\"@type\":\"ListItem\",\"position\":2,\"name\":\"Adultos\"}]},{\"@type\":\"WebSite\",\"@id\":\"https:\/\/chmc.es\/wordpress\/#website\",\"url\":\"https:\/\/chmc.es\/wordpress\/\",\"name\":\"CHMC\",\"description\":\"PSICOLOGIA\",\"publisher\":{\"@id\":\"https:\/\/chmc.es\/wordpress\/#organization\"},\"potentialAction\":[{\"@type\":\"SearchAction\",\"target\":{\"@type\":\"EntryPoint\",\"urlTemplate\":\"https:\/\/chmc.es\/wordpress\/?s={search_term_string}\"},\"query-input\":{\"@type\":\"PropertyValueSpecification\",\"valueRequired\":true,\"valueName\":\"search_term_string\"}}],\"inLanguage\":\"es\"},{\"@type\":\"Organization\",\"@id\":\"https:\/\/chmc.es\/wordpress\/#organization\",\"name\":\"CHMC\",\"url\":\"https:\/\/chmc.es\/wordpress\/\",\"logo\":{\"@type\":\"ImageObject\",\"inLanguage\":\"es\",\"@id\":\"https:\/\/chmc.es\/wordpress\/#\/schema\/logo\/image\/\",\"url\":\"https:\/\/chmc.es\/wordpress\/wp-content\/uploads\/2025\/02\/chmc.jpg\",\"contentUrl\":\"https:\/\/chmc.es\/wordpress\/wp-content\/uploads\/2025\/02\/chmc.jpg\",\"width\":1080,\"height\":1080,\"caption\":\"CHMC\"},\"image\":{\"@id\":\"https:\/\/chmc.es\/wordpress\/#\/schema\/logo\/image\/\"}}]}<\/script>\n<!-- \/ Yoast SEO plugin. -->","yoast_head_json":{"title":"Adultos - CHMC","robots":{"index":"index","follow":"follow","max-snippet":"max-snippet:-1","max-image-preview":"max-image-preview:large","max-video-preview":"max-video-preview:-1"},"canonical":"https:\/\/chmc.es\/wordpress\/adultos\/","og_locale":"es_ES","og_type":"article","og_title":"Adultos - CHMC","og_description":"Cuando la ansiedad nos desborda y dificulta el d\u00eda a d\u00eda Si no podemos superar una p\u00e9rdida y hacemos un gran esfuerzo para seguir viviendo Cuando hay problemas en la pareja o una ruptura sentimental En situaciones de malestar en &hellip; Continuar","og_url":"https:\/\/chmc.es\/wordpress\/adultos\/","og_site_name":"CHMC","article_modified_time":"2018-07-04T11:11:41+00:00","og_image":[{"width":2560,"height":1080,"url":"https:\/\/chmc.es\/wordpress\/wp-content\/uploads\/2025\/02\/Disseny-sense-titol-scaled.jpg","type":"image\/jpeg"}],"twitter_card":"summary_large_image","schema":{"@context":"https:\/\/schema.org","@graph":[{"@type":"WebPage","@id":"https:\/\/chmc.es\/wordpress\/adultos\/","url":"https:\/\/chmc.es\/wordpress\/adultos\/","name":"Adultos - CHMC","isPartOf":{"@id":"https:\/\/chmc.es\/wordpress\/#website"},"datePublished":"2017-02-15T17:38:06+00:00","dateModified":"2018-07-04T11:11:41+00:00","breadcrumb":{"@id":"https:\/\/chmc.es\/wordpress\/adultos\/#breadcrumb"},"inLanguage":"es","potentialAction":[{"@type":"ReadAction","target":["https:\/\/chmc.es\/wordpress\/adultos\/"]}]},{"@type":"BreadcrumbList","@id":"https:\/\/chmc.es\/wordpress\/adultos\/#breadcrumb","itemListElement":[{"@type":"ListItem","position":1,"name":"Portada","item":"https:\/\/chmc.es\/wordpress\/"},{"@type":"ListItem","position":2,"name":"Adultos"}]},{"@type":"WebSite","@id":"https:\/\/chmc.es\/wordpress\/#website","url":"https:\/\/chmc.es\/wordpress\/","name":"CHMC","description":"PSICOLOGIA","publisher":{"@id":"https:\/\/chmc.es\/wordpress\/#organization"},"potentialAction":[{"@type":"SearchAction","target":{"@type":"EntryPoint","urlTemplate":"https:\/\/chmc.es\/wordpress\/?s={search_term_string}"},"query-input":{"@type":"PropertyValueSpecification","valueRequired":true,"valueName":"search_term_string"}}],"inLanguage":"es"},{"@type":"Organization","@id":"https:\/\/chmc.es\/wordpress\/#organization","name":"CHMC","url":"https:\/\/chmc.es\/wordpress\/","logo":{"@type":"ImageObject","inLanguage":"es","@id":"https:\/\/chmc.es\/wordpress\/#\/schema\/logo\/image\/","url":"https:\/\/chmc.es\/wordpress\/wp-content\/uploads\/2025\/02\/chmc.jpg","contentUrl":"https:\/\/chmc.es\/wordpress\/wp-content\/uploads\/2025\/02\/chmc.jpg","width":1080,"height":1080,"caption":"CHMC"},"image":{"@id":"https:\/\/chmc.es\/wordpress\/#\/schema\/logo\/image\/"}}]}},"_links":{"self":[{"href":"https:\/\/chmc.es\/wordpress\/wp-json\/wp\/v2\/pages\/44","targetHints":{"allow":["GET"]}}],"collection":[{"href":"https:\/\/chmc.es\/wordpress\/wp-json\/wp\/v2\/pages"}],"about":[{"href":"https:\/\/chmc.es\/wordpress\/wp-json\/wp\/v2\/types\/page"}],"author":[{"embeddable":true,"href":"https:\/\/chmc.es\/wordpress\/wp-json\/wp\/v2\/users\/1"}],"replies":[{"embeddable":true,"href":"https:\/\/chmc.es\/wordpress\/wp-json\/wp\/v2\/comments?post=44"}],"version-history":[{"count":10,"href":"https:\/\/chmc.es\/wordpress\/wp-json\/wp\/v2\/pages\/44\/revisions"}],"predecessor-version":[{"id":444,"href":"https:\/\/chmc.es\/wordpress\/wp-json\/wp\/v2\/pages\/44\/revisions\/444"}],"wp:attachment":[{"href":"https:\/\/chmc.es\/wordpress\/wp-json\/wp\/v2\/media?parent=44"}],"curies":[{"name":"wp","href":"https:\/\/api.w.org\/{rel}","templated":true}]}}