{"id":46,"date":"2017-02-15T17:38:22","date_gmt":"2017-02-15T17:38:22","guid":{"rendered":"http:\/\/chmc.es\/wordpress\/?page_id=46"},"modified":"2017-07-09T11:01:12","modified_gmt":"2017-07-09T11:01:12","slug":"ninos-y-adolescentes","status":"publish","type":"page","link":"https:\/\/chmc.es\/wordpress\/ninos-y-adolescentes\/","title":{"rendered":"Ni\u00f1os y adolescentes"},"content":{"rendered":"<ul>\n<li><span style=\"font-family: helvetica, arial, sans-serif; font-size: 10pt; color: #33cccc;\">Cuando necesitamos orientaci\u00f3n como padres<\/span><\/li>\n<li><span style=\"font-family: helvetica, arial, sans-serif; font-size: 10pt; color: #33cccc;\">Porque el ni\u00f1o no para quieto y no atiende<\/span><\/li>\n<li><span style=\"font-family: helvetica, arial, sans-serif; font-size: 10pt; color: #33cccc;\">Porque lo vemos enganchado a la play o al m\u00f3vil<\/span><\/li>\n<li><span style=\"font-family: helvetica, arial, sans-serif; font-size: 10pt; color: #33cccc;\">Si vemos que un hijo adolescente sufre, se a\u00edsla, se vuelve agresivo, inadaptado<\/span><\/li>\n<li><span style=\"font-family: helvetica, arial, sans-serif; font-size: 10pt; color: #33cccc;\">Porque observamos alteraciones importantes en los h\u00e1bitos alimenticios<\/span><\/li>\n<li><span style=\"font-family: helvetica, arial, sans-serif; font-size: 10pt; color: #33cccc;\">Ante miedos y obsesiones persistentes<\/span><\/li>\n<li><span style=\"font-family: helvetica, arial, sans-serif; font-size: 10pt; color: #33cccc;\">Cuando no se consigue el control de esf\u00ednteres en el tiempo adecuado<\/span><\/li>\n<li><span style=\"font-family: helvetica, arial, sans-serif; font-size: 10pt; color: #33cccc;\">Si vemos que el ni\u00f1o est\u00e1 triste, llora, est\u00e1 pasivo o perezoso<\/span><\/li>\n<li><span style=\"font-family: helvetica, arial, sans-serif; font-size: 10pt; color: #33cccc;\">Ante problemas de aprendizaje y\/o de lenguaje<\/span><\/li>\n<li><span style=\"font-family: helvetica, arial, sans-serif; font-size: 10pt; color: #33cccc;\">Porque sospechamos un consumo de drogas<\/span><\/li>\n<\/ul>\n","protected":false},"excerpt":{"rendered":"<p>Cuando necesitamos orientaci\u00f3n como padres Porque el ni\u00f1o no para quieto y no atiende Porque lo vemos enganchado a la play o al m\u00f3vil Si vemos que un hijo adolescente sufre, se a\u00edsla, se vuelve agresivo, inadaptado Porque observamos alteraciones &hellip; <a href=\"https:\/\/chmc.es\/wordpress\/ninos-y-adolescentes\/\">Continuar<\/a><\/p>\n","protected":false},"author":1,"featured_media":0,"parent":0,"menu_order":0,"comment_status":"closed","ping_status":"closed","template":"","meta":{"kt_blocks_editor_width":"","footnotes":""},"class_list":["post-46","page","type-page","status-publish","hentry"],"yoast_head":"<!-- This site is optimized with the Yoast SEO plugin v27.1.1 - https:\/\/yoast.com\/product\/yoast-seo-wordpress\/ -->\n<title>Ni\u00f1os y adolescentes - CHMC<\/title>\n<meta name=\"robots\" content=\"index, follow, max-snippet:-1, max-image-preview:large, max-video-preview:-1\" \/>\n<link rel=\"canonical\" href=\"https:\/\/chmc.es\/wordpress\/ninos-y-adolescentes\/\" \/>\n<meta property=\"og:locale\" content=\"es_ES\" \/>\n<meta property=\"og:type\" content=\"article\" \/>\n<meta property=\"og:title\" content=\"Ni\u00f1os y adolescentes - CHMC\" \/>\n<meta property=\"og:description\" content=\"Cuando necesitamos orientaci\u00f3n como padres Porque el ni\u00f1o no para quieto y no atiende Porque lo vemos enganchado a la play o al m\u00f3vil Si vemos que un hijo adolescente sufre, se a\u00edsla, se vuelve agresivo, inadaptado Porque observamos alteraciones &hellip; Continuar\" \/>\n<meta property=\"og:url\" content=\"https:\/\/chmc.es\/wordpress\/ninos-y-adolescentes\/\" \/>\n<meta property=\"og:site_name\" content=\"CHMC\" \/>\n<meta property=\"article:modified_time\" content=\"2017-07-09T11:01:12+00:00\" \/>\n<meta property=\"og:image\" content=\"https:\/\/chmc.es\/wordpress\/wp-content\/uploads\/2025\/02\/Disseny-sense-titol-scaled.jpg\" \/>\n\t<meta property=\"og:image:width\" content=\"2560\" \/>\n\t<meta property=\"og:image:height\" content=\"1080\" \/>\n\t<meta property=\"og:image:type\" content=\"image\/jpeg\" \/>\n<meta name=\"twitter:card\" content=\"summary_large_image\" \/>\n<script type=\"application\/ld+json\" class=\"yoast-schema-graph\">{\"@context\":\"https:\/\/schema.org\",\"@graph\":[{\"@type\":\"WebPage\",\"@id\":\"https:\/\/chmc.es\/wordpress\/ninos-y-adolescentes\/\",\"url\":\"https:\/\/chmc.es\/wordpress\/ninos-y-adolescentes\/\",\"name\":\"Ni\u00f1os y adolescentes - CHMC\",\"isPartOf\":{\"@id\":\"https:\/\/chmc.es\/wordpress\/#website\"},\"datePublished\":\"2017-02-15T17:38:22+00:00\",\"dateModified\":\"2017-07-09T11:01:12+00:00\",\"breadcrumb\":{\"@id\":\"https:\/\/chmc.es\/wordpress\/ninos-y-adolescentes\/#breadcrumb\"},\"inLanguage\":\"es\",\"potentialAction\":[{\"@type\":\"ReadAction\",\"target\":[\"https:\/\/chmc.es\/wordpress\/ninos-y-adolescentes\/\"]}]},{\"@type\":\"BreadcrumbList\",\"@id\":\"https:\/\/chmc.es\/wordpress\/ninos-y-adolescentes\/#breadcrumb\",\"itemListElement\":[{\"@type\":\"ListItem\",\"position\":1,\"name\":\"Portada\",\"item\":\"https:\/\/chmc.es\/wordpress\/\"},{\"@type\":\"ListItem\",\"position\":2,\"name\":\"Ni\u00f1os y adolescentes\"}]},{\"@type\":\"WebSite\",\"@id\":\"https:\/\/chmc.es\/wordpress\/#website\",\"url\":\"https:\/\/chmc.es\/wordpress\/\",\"name\":\"CHMC\",\"description\":\"PSICOLOGIA\",\"publisher\":{\"@id\":\"https:\/\/chmc.es\/wordpress\/#organization\"},\"potentialAction\":[{\"@type\":\"SearchAction\",\"target\":{\"@type\":\"EntryPoint\",\"urlTemplate\":\"https:\/\/chmc.es\/wordpress\/?s={search_term_string}\"},\"query-input\":{\"@type\":\"PropertyValueSpecification\",\"valueRequired\":true,\"valueName\":\"search_term_string\"}}],\"inLanguage\":\"es\"},{\"@type\":\"Organization\",\"@id\":\"https:\/\/chmc.es\/wordpress\/#organization\",\"name\":\"CHMC\",\"url\":\"https:\/\/chmc.es\/wordpress\/\",\"logo\":{\"@type\":\"ImageObject\",\"inLanguage\":\"es\",\"@id\":\"https:\/\/chmc.es\/wordpress\/#\/schema\/logo\/image\/\",\"url\":\"https:\/\/chmc.es\/wordpress\/wp-content\/uploads\/2025\/02\/chmc.jpg\",\"contentUrl\":\"https:\/\/chmc.es\/wordpress\/wp-content\/uploads\/2025\/02\/chmc.jpg\",\"width\":1080,\"height\":1080,\"caption\":\"CHMC\"},\"image\":{\"@id\":\"https:\/\/chmc.es\/wordpress\/#\/schema\/logo\/image\/\"}}]}<\/script>\n<!-- \/ Yoast SEO plugin. -->","yoast_head_json":{"title":"Ni\u00f1os y adolescentes - CHMC","robots":{"index":"index","follow":"follow","max-snippet":"max-snippet:-1","max-image-preview":"max-image-preview:large","max-video-preview":"max-video-preview:-1"},"canonical":"https:\/\/chmc.es\/wordpress\/ninos-y-adolescentes\/","og_locale":"es_ES","og_type":"article","og_title":"Ni\u00f1os y adolescentes - CHMC","og_description":"Cuando necesitamos orientaci\u00f3n como padres Porque el ni\u00f1o no para quieto y no atiende Porque lo vemos enganchado a la play o al m\u00f3vil Si vemos que un hijo adolescente sufre, se a\u00edsla, se vuelve agresivo, inadaptado Porque observamos alteraciones &hellip; Continuar","og_url":"https:\/\/chmc.es\/wordpress\/ninos-y-adolescentes\/","og_site_name":"CHMC","article_modified_time":"2017-07-09T11:01:12+00:00","og_image":[{"width":2560,"height":1080,"url":"https:\/\/chmc.es\/wordpress\/wp-content\/uploads\/2025\/02\/Disseny-sense-titol-scaled.jpg","type":"image\/jpeg"}],"twitter_card":"summary_large_image","schema":{"@context":"https:\/\/schema.org","@graph":[{"@type":"WebPage","@id":"https:\/\/chmc.es\/wordpress\/ninos-y-adolescentes\/","url":"https:\/\/chmc.es\/wordpress\/ninos-y-adolescentes\/","name":"Ni\u00f1os y adolescentes - CHMC","isPartOf":{"@id":"https:\/\/chmc.es\/wordpress\/#website"},"datePublished":"2017-02-15T17:38:22+00:00","dateModified":"2017-07-09T11:01:12+00:00","breadcrumb":{"@id":"https:\/\/chmc.es\/wordpress\/ninos-y-adolescentes\/#breadcrumb"},"inLanguage":"es","potentialAction":[{"@type":"ReadAction","target":["https:\/\/chmc.es\/wordpress\/ninos-y-adolescentes\/"]}]},{"@type":"BreadcrumbList","@id":"https:\/\/chmc.es\/wordpress\/ninos-y-adolescentes\/#breadcrumb","itemListElement":[{"@type":"ListItem","position":1,"name":"Portada","item":"https:\/\/chmc.es\/wordpress\/"},{"@type":"ListItem","position":2,"name":"Ni\u00f1os y adolescentes"}]},{"@type":"WebSite","@id":"https:\/\/chmc.es\/wordpress\/#website","url":"https:\/\/chmc.es\/wordpress\/","name":"CHMC","description":"PSICOLOGIA","publisher":{"@id":"https:\/\/chmc.es\/wordpress\/#organization"},"potentialAction":[{"@type":"SearchAction","target":{"@type":"EntryPoint","urlTemplate":"https:\/\/chmc.es\/wordpress\/?s={search_term_string}"},"query-input":{"@type":"PropertyValueSpecification","valueRequired":true,"valueName":"search_term_string"}}],"inLanguage":"es"},{"@type":"Organization","@id":"https:\/\/chmc.es\/wordpress\/#organization","name":"CHMC","url":"https:\/\/chmc.es\/wordpress\/","logo":{"@type":"ImageObject","inLanguage":"es","@id":"https:\/\/chmc.es\/wordpress\/#\/schema\/logo\/image\/","url":"https:\/\/chmc.es\/wordpress\/wp-content\/uploads\/2025\/02\/chmc.jpg","contentUrl":"https:\/\/chmc.es\/wordpress\/wp-content\/uploads\/2025\/02\/chmc.jpg","width":1080,"height":1080,"caption":"CHMC"},"image":{"@id":"https:\/\/chmc.es\/wordpress\/#\/schema\/logo\/image\/"}}]}},"_links":{"self":[{"href":"https:\/\/chmc.es\/wordpress\/wp-json\/wp\/v2\/pages\/46","targetHints":{"allow":["GET"]}}],"collection":[{"href":"https:\/\/chmc.es\/wordpress\/wp-json\/wp\/v2\/pages"}],"about":[{"href":"https:\/\/chmc.es\/wordpress\/wp-json\/wp\/v2\/types\/page"}],"author":[{"embeddable":true,"href":"https:\/\/chmc.es\/wordpress\/wp-json\/wp\/v2\/users\/1"}],"replies":[{"embeddable":true,"href":"https:\/\/chmc.es\/wordpress\/wp-json\/wp\/v2\/comments?post=46"}],"version-history":[{"count":16,"href":"https:\/\/chmc.es\/wordpress\/wp-json\/wp\/v2\/pages\/46\/revisions"}],"predecessor-version":[{"id":356,"href":"https:\/\/chmc.es\/wordpress\/wp-json\/wp\/v2\/pages\/46\/revisions\/356"}],"wp:attachment":[{"href":"https:\/\/chmc.es\/wordpress\/wp-json\/wp\/v2\/media?parent=46"}],"curies":[{"name":"wp","href":"https:\/\/api.w.org\/{rel}","templated":true}]}}