{"id":487,"date":"2021-01-13T15:31:45","date_gmt":"2021-01-13T15:31:45","guid":{"rendered":"http:\/\/chmc.es\/wordpress\/?page_id=487"},"modified":"2021-02-04T17:41:53","modified_gmt":"2021-02-04T17:41:53","slug":"informacion-del-uso-de-cookies-2","status":"publish","type":"page","link":"https:\/\/chmc.es\/wordpress\/informacion-del-uso-de-cookies-2\/","title":{"rendered":"Informaci\u00f3n del uso de cookies"},"content":{"rendered":"<h2>\u00bfQu\u00e9 son las cookies?<\/h2>\n<p>Las cookies son peque\u00f1os archivos de datos que se reciben en el terminal desde el sitio Web visitado y se usan para registrar ciertas interacciones de la navegaci\u00f3n en un sitio Web almacenando datos que podr\u00e1n ser actualizados y recuperados. Estos archivos se almacenan en el ordenador del usuario y contiene datos an\u00f3nimos que no son perjudiciales para su equipo. Se utilizan para recordar las preferencias del usuario, como el idioma seleccionado, datos de acceso o personalizaci\u00f3n de la p\u00e1gina.<\/p>\n<p>Las Cookies tambi\u00e9n pueden ser utilizadas para registrar informaci\u00f3n an\u00f3nima acerca de c\u00f3mo un visitante utiliza un sitio. Por ejemplo, desde qu\u00e9 p\u00e1gina Web ha accedido, o si ha utilizado un \u00abbanner\u00bb publicitario para llegar.<\/p>\n<h2>\u00bfQu\u00e9 uso le damos a los diferentes tipos de cookies?<\/h2>\n<p><strong>Seg\u00fan su finalidad:<\/strong><\/p>\n<table>\n<tbody>\n<tr>\n<td width=\"325\"><strong>\u00a0<\/strong><\/p>\n<p><strong>Cookies t\u00e9cnicas<\/strong><\/td>\n<td width=\"325\">Las cookies t\u00e9cnicas son aquellas facilitan la navegaci\u00f3n del usuario y la utilizaci\u00f3n de las diferentes opciones o servicios que ofrece la web como identificar la sesi\u00f3n, permitir el acceso a determinadas \u00e1reas, facilitar pedidos, compras, cumplimentaci\u00f3n de formularios, inscripciones, seguridad, facilitar funcionalidades (videos, redes sociales\u2026).<\/td>\n<\/tr>\n<tr>\n<td width=\"325\"><strong>Cookies de personalizaci\u00f3n<\/strong><\/td>\n<td width=\"325\">Las cookies de personalizaci\u00f3n permiten al usuario acceder a los servicios seg\u00fan sus preferencias (idioma, navegador, configuraci\u00f3n\u2026).<\/td>\n<\/tr>\n<tr>\n<td width=\"325\"><strong>Cookies anal\u00edticas<\/strong><\/td>\n<td width=\"325\">Las cookies de an\u00e1lisis son las utilizadas para llevar a cabo el an\u00e1lisis an\u00f3nimo del comportamiento de los usuarios de la web y que permiten medir la actividad del usuario y elaborar perfiles de navegaci\u00f3n con el fin objetivo de mejorar los sitios web.<\/td>\n<\/tr>\n<tr>\n<td width=\"325\"><strong>Cookies publicitarias<\/strong><\/td>\n<td width=\"325\">Las cookies publicitarias permiten la gesti\u00f3n de los espacios publicitarios de la web. Adem\u00e1s, estas cookies pueden ser de publicidad personalizada y permitir as\u00ed la gesti\u00f3n de los espacios publicitarios de la web en base al comportamiento y h\u00e1bitos de navegaci\u00f3n de usuario, de donde se obtiene su perfil y permiten personalizar la publicidad que se muestra en el navegador del usuario u otros perfiles y redes sociales del usuario.<\/td>\n<\/tr>\n<\/tbody>\n<\/table>\n<p>&nbsp;<\/p>\n<p><strong>Seg\u00fan su plazo:<\/strong><\/p>\n<table>\n<tbody>\n<tr>\n<td width=\"325\"><strong>Cookies de sesi\u00f3n<\/strong><\/td>\n<td width=\"325\">Las cookies de sesi\u00f3n son aquellas que duran el tiempo que el usuario est\u00e1 navegando por la p\u00e1gina Web y se borran al cerrar el navegador.<\/td>\n<\/tr>\n<tr>\n<td width=\"325\"><strong>Cookies persistentes<\/strong><\/td>\n<td width=\"325\">Estas cookies quedan almacenadas en el terminal del usuario hasta que son eliminadas manualmente o haya concluido el periodo de duraci\u00f3n establecido para dicha cookie.<\/td>\n<\/tr>\n<\/tbody>\n<\/table>\n<p>&nbsp;<\/p>\n<p><strong>Seg\u00fan su titularidad:<\/strong><\/p>\n<table>\n<tbody>\n<tr>\n<td width=\"325\"><strong>Cookies propias<\/strong><\/td>\n<td width=\"325\">Aqu\u00e9llas que se env\u00edan al equipo terminal del usuario desde un equipo o dominio gestionado por el propio editor y desde el que se presta el servicio solicitado por el usuario.<\/td>\n<\/tr>\n<tr>\n<td width=\"325\"><strong>Cookies de terceros<\/strong><\/td>\n<td width=\"325\">Aqu\u00e9llas que se env\u00edan al equipo terminal del usuario desde un equipo o dominio que no es gestionado por el editor, sino por otra entidad que trata los datos obtenidos trav\u00e9s de las cookies.<\/td>\n<\/tr>\n<\/tbody>\n<\/table>\n<p>&nbsp;<\/p>\n<p><strong>La siguiente tabla recoge la clasificaci\u00f3n y descripci\u00f3n de las cookies utilizadas en la presente p\u00e1gina web para que puedas identificarlas en tu navegador:<\/strong><\/p>\n<table width=\"100%\">\n<tbody>\n<tr>\n<td width=\"20%\"><strong>Nombre<\/strong><\/td>\n<td width=\"18%\"><strong>Titular<\/strong><\/td>\n<td width=\"21%\"><strong>Datos recabados<\/strong><\/td>\n<td width=\"15%\"><strong>Finalidad<\/strong><\/td>\n<td width=\"22%\"><strong>Duraci\u00f3n<\/strong><\/td>\n<\/tr>\n<tr>\n<td width=\"20%\"><strong>pll_language<\/strong><\/td>\n<td width=\"18%\">Cookie propia<\/td>\n<td width=\"21%\">Gesti\u00f3n del idioma de la web.<\/td>\n<td width=\"15%\">Personalizaci\u00f3n<\/td>\n<td width=\"22%\">1 a\u00f1o.<\/td>\n<\/tr>\n<tr>\n<td width=\"20%\"><strong>moove_gdpr_popup<\/strong><\/td>\n<td width=\"18%\">Cookie propia<\/td>\n<td width=\"21%\">Utilizada para guardar las preferencias sobre cookies.<\/td>\n<td width=\"15%\">T\u00e9cnica<\/td>\n<td width=\"22%\">1 a\u00f1o.<\/td>\n<\/tr>\n<tr>\n<td width=\"20%\"><strong>cookies_accepted<\/strong><\/td>\n<td width=\"18%\">Cookie propia<\/td>\n<td width=\"21%\">Aceptaci\u00f3n de cookies por parte del usuario.<\/td>\n<td width=\"15%\">T\u00e9cnica<\/td>\n<td width=\"22%\">Al finalizar la sesi\u00f3n<br \/>\ncon el navegador.<\/td>\n<\/tr>\n<\/tbody>\n<\/table>\n<p>&nbsp;<\/p>\n<p><strong>CENTRE D\u2019HIGIENE MENTAL DE CORNELL\u00c0\u00a0<\/strong>\u00fanicamente utiliza cookies que permiten el funcionamiento y la prestaci\u00f3n de los servicios ofrecidos en la misma y que en ning\u00fan caso tratan datos de conexi\u00f3n y\/o de los dispositivos para fines estad\u00edsticos ni captan h\u00e1bitos de navegaci\u00f3n para fines publicitarios.<\/p>\n<p>El suministro de datos personales a trav\u00e9s de nuestro portal y el consentimiento para el uso de cookies <u>requiere una edad m\u00ednima de 14 a\u00f1os<\/u> y la aceptaci\u00f3n expresa de nuestra Pol\u00edtica de Privacidad.<\/p>\n<p><strong>De todas formas, le informamos que puede activar o desactivar las cookies siguiendo las instrucciones de su navegador de Internet:<\/strong><\/p>\n<table width=\"0\">\n<tbody>\n<tr style=\"height: 70px;\">\n<td style=\"height: 70px;\" width=\"120\"><strong>Chrome<\/strong><strong>\u00a0<\/strong><\/td>\n<td style=\"height: 70px;\" width=\"228\">Configuraci\u00f3n <i class=\"icon-arrow-right\" style=\"font-size:14px; color:#000;\"><\/i> Mostrar opciones avanzadas <i class=\"icon-arrow-right\" style=\"font-size:14px; color:#000;\"><\/i> Privacidad <i class=\"icon-arrow-right\" style=\"font-size:14px; color:#000;\"><\/i> Configuraci\u00f3n de contenido.<\/td>\n<td style=\"height: 70px;\" width=\"337\">support.google.com<\/td>\n<\/tr>\n<tr style=\"height: 90px;\">\n<td style=\"height: 90px;\" width=\"120\"><strong>Firefox<\/strong><strong>\u00a0<\/strong><\/td>\n<td style=\"height: 90px;\" width=\"228\">Herramientas <i class=\"icon-arrow-right\" style=\"font-size:14px; color:#000;\"><\/i> Opciones <i class=\"icon-arrow-right\" style=\"font-size:14px; color:#000;\"><\/i> Privacidad <i class=\"icon-arrow-right\" style=\"font-size:14px; color:#000;\"><\/i> Historial <i class=\"icon-arrow-right\" style=\"font-size:14px; color:#000;\"><\/i> Configuraci\u00f3n Personalizada.<\/td>\n<td style=\"height: 90px;\" width=\"337\">support.mozilla.org<\/td>\n<\/tr>\n<tr style=\"height: 130px;\">\n<td style=\"height: 130px;\" width=\"120\"><strong>Internet Explorer<\/strong><strong>\u00a0<\/strong><\/td>\n<td style=\"height: 130px;\" width=\"228\">Herramientas <i class=\"icon-arrow-right\" style=\"font-size:14px; color:#000;\"><\/i> Opciones de Internet <i class=\"icon-arrow-right\" style=\"font-size:14px; color:#000;\"><\/i> Privacidad <i class=\"icon-arrow-right\" style=\"font-size:14px; color:#000;\"><\/i> Configuraci\u00f3n.<\/td>\n<td style=\"height: 130px;\" width=\"337\">windows.microsoft.com<\/td>\n<\/tr>\n<tr style=\"height: 110px;\">\n<td style=\"height: 110px;\" width=\"120\"><strong>Opera<\/strong><\/td>\n<td style=\"height: 110px;\" width=\"228\">Herramientas <i class=\"icon-arrow-right\" style=\"font-size:14px; color:#000;\"><\/i> Preferencias <i class=\"icon-arrow-right\" style=\"font-size:14px; color:#000;\"><\/i> Editar preferencias <i class=\"icon-arrow-right\" style=\"font-size:14px; color:#000;\"><\/i> Cookies.<\/td>\n<td style=\"height: 110px;\" width=\"337\"><a href=\"http:\/\/www.opera.com\/help\/tutorials\/security\/cookies\/\">http:\/\/www.opera.com\/help\/tutorials\/security\/cookies\/<\/a><\/td>\n<\/tr>\n<tr style=\"height: 90px;\">\n<td style=\"height: 90px;\" width=\"120\"><strong>Safari<\/strong><\/td>\n<td style=\"height: 90px;\" width=\"228\">Preferencias <i class=\"icon-arrow-right\" style=\"font-size:14px; color:#000;\"><\/i> Seguridad.<\/td>\n<td style=\"height: 90px;\" width=\"337\"><a href=\"http:\/\/www.apple.com\">http:\/\/www.apple.com<\/a><\/td>\n<\/tr>\n<tr style=\"height: 150px;\">\n<td style=\"height: 150px;\" width=\"120\"><strong>Edge<\/strong><\/td>\n<td style=\"height: 150px;\" width=\"228\"><span style=\"font-family: inherit; font-size: inherit;\">Configuraci\u00f3n <i class=\"icon-arrow-right\" style=\"font-size:14px; color:#000;\"><\/i> Ver configuraci\u00f3n avanzada<\/span><span style=\"font-family: inherit; font-size: inherit;\"> <i class=\"icon-arrow-right\" style=\"font-size:14px; color:#000;\"><\/i> Privacidad y servicios<\/span><span style=\"font-family: inherit; font-size: inherit;\"> <i class=\"icon-arrow-right\" style=\"font-size:14px; color:#000;\"><\/i> Cookies.<\/span><\/td>\n<td style=\"height: 150px;\" width=\"337\"><a href=\"https:\/\/privacy.microsoft.com\/es-es\/windows-10-microsoft-edge-and-privacy\">https:\/\/privacy.microsoft.com\/es-es\/windows-10-microsoft-edge-and-privacy<\/a><\/td>\n<\/tr>\n<\/tbody>\n<\/table>\n","protected":false},"excerpt":{"rendered":"<p>\u00bfQu\u00e9 son las cookies? Las cookies son peque\u00f1os archivos de datos que se reciben en el terminal desde el sitio Web visitado y se usan para registrar ciertas interacciones de la navegaci\u00f3n en un sitio Web almacenando datos que podr\u00e1n &hellip; <a href=\"https:\/\/chmc.es\/wordpress\/informacion-del-uso-de-cookies-2\/\">Continuar<\/a><\/p>\n","protected":false},"author":1,"featured_media":0,"parent":0,"menu_order":0,"comment_status":"closed","ping_status":"closed","template":"","meta":{"kt_blocks_editor_width":"","footnotes":""},"class_list":["post-487","page","type-page","status-publish","hentry"],"yoast_head":"<!-- This site is optimized with the Yoast SEO plugin v27.1.1 - https:\/\/yoast.com\/product\/yoast-seo-wordpress\/ -->\n<title>Informaci\u00f3n del uso de cookies - CHMC<\/title>\n<meta name=\"robots\" content=\"index, follow, max-snippet:-1, max-image-preview:large, max-video-preview:-1\" \/>\n<link rel=\"canonical\" href=\"https:\/\/chmc.es\/wordpress\/informacion-del-uso-de-cookies-2\/\" \/>\n<meta property=\"og:locale\" content=\"es_ES\" \/>\n<meta property=\"og:type\" content=\"article\" \/>\n<meta property=\"og:title\" content=\"Informaci\u00f3n del uso de cookies - CHMC\" \/>\n<meta property=\"og:description\" content=\"\u00bfQu\u00e9 son las cookies? Las cookies son peque\u00f1os archivos de datos que se reciben en el terminal desde el sitio Web visitado y se usan para registrar ciertas interacciones de la navegaci\u00f3n en un sitio Web almacenando datos que podr\u00e1n &hellip; Continuar\" \/>\n<meta property=\"og:url\" content=\"https:\/\/chmc.es\/wordpress\/informacion-del-uso-de-cookies-2\/\" \/>\n<meta property=\"og:site_name\" content=\"CHMC\" \/>\n<meta property=\"article:modified_time\" content=\"2021-02-04T17:41:53+00:00\" \/>\n<meta property=\"og:image\" content=\"https:\/\/chmc.es\/wordpress\/wp-content\/uploads\/2025\/02\/Disseny-sense-titol-scaled.jpg\" \/>\n\t<meta property=\"og:image:width\" content=\"2560\" \/>\n\t<meta property=\"og:image:height\" content=\"1080\" \/>\n\t<meta property=\"og:image:type\" content=\"image\/jpeg\" \/>\n<meta name=\"twitter:card\" content=\"summary_large_image\" \/>\n<meta name=\"twitter:label1\" content=\"Tiempo de lectura\" \/>\n\t<meta name=\"twitter:data1\" content=\"4 minutos\" \/>\n<script type=\"application\/ld+json\" class=\"yoast-schema-graph\">{\"@context\":\"https:\/\/schema.org\",\"@graph\":[{\"@type\":\"WebPage\",\"@id\":\"https:\/\/chmc.es\/wordpress\/informacion-del-uso-de-cookies-2\/\",\"url\":\"https:\/\/chmc.es\/wordpress\/informacion-del-uso-de-cookies-2\/\",\"name\":\"Informaci\u00f3n del uso de cookies - CHMC\",\"isPartOf\":{\"@id\":\"https:\/\/chmc.es\/wordpress\/#website\"},\"datePublished\":\"2021-01-13T15:31:45+00:00\",\"dateModified\":\"2021-02-04T17:41:53+00:00\",\"breadcrumb\":{\"@id\":\"https:\/\/chmc.es\/wordpress\/informacion-del-uso-de-cookies-2\/#breadcrumb\"},\"inLanguage\":\"es\",\"potentialAction\":[{\"@type\":\"ReadAction\",\"target\":[\"https:\/\/chmc.es\/wordpress\/informacion-del-uso-de-cookies-2\/\"]}]},{\"@type\":\"BreadcrumbList\",\"@id\":\"https:\/\/chmc.es\/wordpress\/informacion-del-uso-de-cookies-2\/#breadcrumb\",\"itemListElement\":[{\"@type\":\"ListItem\",\"position\":1,\"name\":\"Portada\",\"item\":\"https:\/\/chmc.es\/wordpress\/\"},{\"@type\":\"ListItem\",\"position\":2,\"name\":\"Informaci\u00f3n del uso de cookies\"}]},{\"@type\":\"WebSite\",\"@id\":\"https:\/\/chmc.es\/wordpress\/#website\",\"url\":\"https:\/\/chmc.es\/wordpress\/\",\"name\":\"CHMC\",\"description\":\"PSICOLOGIA\",\"publisher\":{\"@id\":\"https:\/\/chmc.es\/wordpress\/#organization\"},\"potentialAction\":[{\"@type\":\"SearchAction\",\"target\":{\"@type\":\"EntryPoint\",\"urlTemplate\":\"https:\/\/chmc.es\/wordpress\/?s={search_term_string}\"},\"query-input\":{\"@type\":\"PropertyValueSpecification\",\"valueRequired\":true,\"valueName\":\"search_term_string\"}}],\"inLanguage\":\"es\"},{\"@type\":\"Organization\",\"@id\":\"https:\/\/chmc.es\/wordpress\/#organization\",\"name\":\"CHMC\",\"url\":\"https:\/\/chmc.es\/wordpress\/\",\"logo\":{\"@type\":\"ImageObject\",\"inLanguage\":\"es\",\"@id\":\"https:\/\/chmc.es\/wordpress\/#\/schema\/logo\/image\/\",\"url\":\"https:\/\/chmc.es\/wordpress\/wp-content\/uploads\/2025\/02\/chmc.jpg\",\"contentUrl\":\"https:\/\/chmc.es\/wordpress\/wp-content\/uploads\/2025\/02\/chmc.jpg\",\"width\":1080,\"height\":1080,\"caption\":\"CHMC\"},\"image\":{\"@id\":\"https:\/\/chmc.es\/wordpress\/#\/schema\/logo\/image\/\"}}]}<\/script>\n<!-- \/ Yoast SEO plugin. -->","yoast_head_json":{"title":"Informaci\u00f3n del uso de cookies - CHMC","robots":{"index":"index","follow":"follow","max-snippet":"max-snippet:-1","max-image-preview":"max-image-preview:large","max-video-preview":"max-video-preview:-1"},"canonical":"https:\/\/chmc.es\/wordpress\/informacion-del-uso-de-cookies-2\/","og_locale":"es_ES","og_type":"article","og_title":"Informaci\u00f3n del uso de cookies - CHMC","og_description":"\u00bfQu\u00e9 son las cookies? Las cookies son peque\u00f1os archivos de datos que se reciben en el terminal desde el sitio Web visitado y se usan para registrar ciertas interacciones de la navegaci\u00f3n en un sitio Web almacenando datos que podr\u00e1n &hellip; Continuar","og_url":"https:\/\/chmc.es\/wordpress\/informacion-del-uso-de-cookies-2\/","og_site_name":"CHMC","article_modified_time":"2021-02-04T17:41:53+00:00","og_image":[{"width":2560,"height":1080,"url":"https:\/\/chmc.es\/wordpress\/wp-content\/uploads\/2025\/02\/Disseny-sense-titol-scaled.jpg","type":"image\/jpeg"}],"twitter_card":"summary_large_image","twitter_misc":{"Tiempo de lectura":"4 minutos"},"schema":{"@context":"https:\/\/schema.org","@graph":[{"@type":"WebPage","@id":"https:\/\/chmc.es\/wordpress\/informacion-del-uso-de-cookies-2\/","url":"https:\/\/chmc.es\/wordpress\/informacion-del-uso-de-cookies-2\/","name":"Informaci\u00f3n del uso de cookies - CHMC","isPartOf":{"@id":"https:\/\/chmc.es\/wordpress\/#website"},"datePublished":"2021-01-13T15:31:45+00:00","dateModified":"2021-02-04T17:41:53+00:00","breadcrumb":{"@id":"https:\/\/chmc.es\/wordpress\/informacion-del-uso-de-cookies-2\/#breadcrumb"},"inLanguage":"es","potentialAction":[{"@type":"ReadAction","target":["https:\/\/chmc.es\/wordpress\/informacion-del-uso-de-cookies-2\/"]}]},{"@type":"BreadcrumbList","@id":"https:\/\/chmc.es\/wordpress\/informacion-del-uso-de-cookies-2\/#breadcrumb","itemListElement":[{"@type":"ListItem","position":1,"name":"Portada","item":"https:\/\/chmc.es\/wordpress\/"},{"@type":"ListItem","position":2,"name":"Informaci\u00f3n del uso de cookies"}]},{"@type":"WebSite","@id":"https:\/\/chmc.es\/wordpress\/#website","url":"https:\/\/chmc.es\/wordpress\/","name":"CHMC","description":"PSICOLOGIA","publisher":{"@id":"https:\/\/chmc.es\/wordpress\/#organization"},"potentialAction":[{"@type":"SearchAction","target":{"@type":"EntryPoint","urlTemplate":"https:\/\/chmc.es\/wordpress\/?s={search_term_string}"},"query-input":{"@type":"PropertyValueSpecification","valueRequired":true,"valueName":"search_term_string"}}],"inLanguage":"es"},{"@type":"Organization","@id":"https:\/\/chmc.es\/wordpress\/#organization","name":"CHMC","url":"https:\/\/chmc.es\/wordpress\/","logo":{"@type":"ImageObject","inLanguage":"es","@id":"https:\/\/chmc.es\/wordpress\/#\/schema\/logo\/image\/","url":"https:\/\/chmc.es\/wordpress\/wp-content\/uploads\/2025\/02\/chmc.jpg","contentUrl":"https:\/\/chmc.es\/wordpress\/wp-content\/uploads\/2025\/02\/chmc.jpg","width":1080,"height":1080,"caption":"CHMC"},"image":{"@id":"https:\/\/chmc.es\/wordpress\/#\/schema\/logo\/image\/"}}]}},"_links":{"self":[{"href":"https:\/\/chmc.es\/wordpress\/wp-json\/wp\/v2\/pages\/487","targetHints":{"allow":["GET"]}}],"collection":[{"href":"https:\/\/chmc.es\/wordpress\/wp-json\/wp\/v2\/pages"}],"about":[{"href":"https:\/\/chmc.es\/wordpress\/wp-json\/wp\/v2\/types\/page"}],"author":[{"embeddable":true,"href":"https:\/\/chmc.es\/wordpress\/wp-json\/wp\/v2\/users\/1"}],"replies":[{"embeddable":true,"href":"https:\/\/chmc.es\/wordpress\/wp-json\/wp\/v2\/comments?post=487"}],"version-history":[{"count":5,"href":"https:\/\/chmc.es\/wordpress\/wp-json\/wp\/v2\/pages\/487\/revisions"}],"predecessor-version":[{"id":534,"href":"https:\/\/chmc.es\/wordpress\/wp-json\/wp\/v2\/pages\/487\/revisions\/534"}],"wp:attachment":[{"href":"https:\/\/chmc.es\/wordpress\/wp-json\/wp\/v2\/media?parent=487"}],"curies":[{"name":"wp","href":"https:\/\/api.w.org\/{rel}","templated":true}]}}