{"id":679,"date":"2024-03-03T16:14:39","date_gmt":"2024-03-03T16:14:39","guid":{"rendered":"http:\/\/chmc.es\/wordpress\/?page_id=679"},"modified":"2025-02-10T12:58:57","modified_gmt":"2025-02-10T12:58:57","slug":"chmc-cornella-cuadro-profesional","status":"publish","type":"page","link":"https:\/\/chmc.es\/wordpress\/chmc-cornella-cuadro-profesional\/","title":{"rendered":"CHMC Cornell\u00e0 &#8211; Cuadro profesional"},"content":{"rendered":"<p><span style=\"font-size: 14pt;\"><strong>Amanda Jacinto Escalona<\/strong><\/span><\/p>\n<p><span style=\"font-size: 14pt;\"><strong>Antonio Murillo<\/strong><\/span><\/p>\n<p><span style=\"font-size: 14pt;\"><strong>Blanca Granada <\/strong><\/span><\/p>\n<p><span style=\"font-size: 14pt;\"><strong>Carla Galofr\u00e9 <\/strong><\/span><\/p>\n<p><span style=\"font-size: 14pt;\"><strong>Celina Contreras<\/strong><\/span><\/p>\n<p><span style=\"font-size: 14pt;\"><strong>Diana Rodr\u00edguez<\/strong><\/span><\/p>\n<p><span style=\"font-size: 14pt;\"><b>Esther Rosal\u00eda Mart\u00ednez <\/b><\/span><\/p>\n<p><span style=\"font-size: 14pt;\"><strong>Jon\u00e1s L\u00f3pez-Areal<\/strong><\/span><\/p>\n<p><span style=\"font-size: 14pt;\"><strong>Marian Mesa Valladares <\/strong><\/span><\/p>\n<p><span style=\"font-size: 14pt;\"><strong>Nayara Aranda<\/strong><\/span><\/p>\n<p><span style=\"font-size: 14pt;\"><strong>Nina Dakota de Vilallonga i Perram\u00f3n <\/strong><\/span><\/p>\n<p><span style=\"font-size: 14pt;\"><strong>Roger Xanc\u00f3<br \/>\n<\/strong><\/span><\/p>\n<p><span style=\"font-size: 14pt;\"><strong>Rosa M\u00aa Gu\u00e0rdia<\/strong><\/span><\/p>\n<p><span style=\"font-size: 14pt;\"><strong>Vasilik\u00ed Sparou\u00a0<\/strong><\/span><\/p>\n<p><span style=\"font-size: 14pt;\"><strong>Yanina Pepe Zanello<\/strong><\/span><\/p>\n<h3><span style=\"color: #00b5ad;\"><strong>Secretar\u00eda<\/strong><\/span><\/h3>\n<p><span style=\"font-size: 14pt;\"><strong>Ana Mar\u00eda Ru\u00edz-Sarmiento<\/strong><\/span><\/p>\n<p><span style=\"font-size: 14pt;\"><strong>Mar\u00eda Nieves Casal\u00a0<\/strong><\/span><\/p>\n","protected":false},"excerpt":{"rendered":"<p>Amanda Jacinto Escalona Antonio Murillo Blanca Granada Carla Galofr\u00e9 Celina Contreras Diana Rodr\u00edguez Esther Rosal\u00eda Mart\u00ednez Jon\u00e1s L\u00f3pez-Areal Marian Mesa Valladares Nayara Aranda Nina Dakota de Vilallonga i Perram\u00f3n Roger Xanc\u00f3 Rosa M\u00aa Gu\u00e0rdia Vasilik\u00ed Sparou\u00a0 Yanina Pepe Zanello Secretar\u00eda &hellip; <a href=\"https:\/\/chmc.es\/wordpress\/chmc-cornella-cuadro-profesional\/\">Continuar<\/a><\/p>\n","protected":false},"author":1,"featured_media":0,"parent":0,"menu_order":0,"comment_status":"closed","ping_status":"closed","template":"","meta":{"kt_blocks_editor_width":"","footnotes":""},"class_list":["post-679","page","type-page","status-publish","hentry"],"yoast_head":"<!-- This site is optimized with the Yoast SEO plugin v27.1.1 - https:\/\/yoast.com\/product\/yoast-seo-wordpress\/ -->\n<title>CHMC Cornell\u00e0 - Cuadro profesional - CHMC<\/title>\n<meta name=\"robots\" content=\"index, follow, max-snippet:-1, max-image-preview:large, max-video-preview:-1\" \/>\n<link rel=\"canonical\" href=\"https:\/\/chmc.es\/wordpress\/chmc-cornella-cuadro-profesional\/\" \/>\n<meta property=\"og:locale\" content=\"es_ES\" \/>\n<meta property=\"og:type\" content=\"article\" \/>\n<meta property=\"og:title\" content=\"CHMC Cornell\u00e0 - Cuadro profesional - CHMC\" \/>\n<meta property=\"og:description\" content=\"Amanda Jacinto Escalona Antonio Murillo Blanca Granada Carla Galofr\u00e9 Celina Contreras Diana Rodr\u00edguez Esther Rosal\u00eda Mart\u00ednez Jon\u00e1s L\u00f3pez-Areal Marian Mesa Valladares Nayara Aranda Nina Dakota de Vilallonga i Perram\u00f3n Roger Xanc\u00f3 Rosa M\u00aa Gu\u00e0rdia Vasilik\u00ed Sparou\u00a0 Yanina Pepe Zanello Secretar\u00eda &hellip; Continuar\" \/>\n<meta property=\"og:url\" content=\"https:\/\/chmc.es\/wordpress\/chmc-cornella-cuadro-profesional\/\" \/>\n<meta property=\"og:site_name\" content=\"CHMC\" \/>\n<meta property=\"article:modified_time\" content=\"2025-02-10T12:58:57+00:00\" \/>\n<meta property=\"og:image\" content=\"https:\/\/chmc.es\/wordpress\/wp-content\/uploads\/2025\/02\/Disseny-sense-titol-scaled.jpg\" \/>\n\t<meta property=\"og:image:width\" content=\"2560\" \/>\n\t<meta property=\"og:image:height\" content=\"1080\" \/>\n\t<meta property=\"og:image:type\" content=\"image\/jpeg\" \/>\n<meta name=\"twitter:card\" content=\"summary_large_image\" \/>\n<script type=\"application\/ld+json\" class=\"yoast-schema-graph\">{\"@context\":\"https:\/\/schema.org\",\"@graph\":[{\"@type\":\"WebPage\",\"@id\":\"https:\/\/chmc.es\/wordpress\/chmc-cornella-cuadro-profesional\/\",\"url\":\"https:\/\/chmc.es\/wordpress\/chmc-cornella-cuadro-profesional\/\",\"name\":\"CHMC Cornell\u00e0 - Cuadro profesional - CHMC\",\"isPartOf\":{\"@id\":\"https:\/\/chmc.es\/wordpress\/#website\"},\"datePublished\":\"2024-03-03T16:14:39+00:00\",\"dateModified\":\"2025-02-10T12:58:57+00:00\",\"breadcrumb\":{\"@id\":\"https:\/\/chmc.es\/wordpress\/chmc-cornella-cuadro-profesional\/#breadcrumb\"},\"inLanguage\":\"es\",\"potentialAction\":[{\"@type\":\"ReadAction\",\"target\":[\"https:\/\/chmc.es\/wordpress\/chmc-cornella-cuadro-profesional\/\"]}]},{\"@type\":\"BreadcrumbList\",\"@id\":\"https:\/\/chmc.es\/wordpress\/chmc-cornella-cuadro-profesional\/#breadcrumb\",\"itemListElement\":[{\"@type\":\"ListItem\",\"position\":1,\"name\":\"Portada\",\"item\":\"https:\/\/chmc.es\/wordpress\/\"},{\"@type\":\"ListItem\",\"position\":2,\"name\":\"CHMC Cornell\u00e0 &#8211; Cuadro profesional\"}]},{\"@type\":\"WebSite\",\"@id\":\"https:\/\/chmc.es\/wordpress\/#website\",\"url\":\"https:\/\/chmc.es\/wordpress\/\",\"name\":\"CHMC\",\"description\":\"PSICOLOGIA\",\"publisher\":{\"@id\":\"https:\/\/chmc.es\/wordpress\/#organization\"},\"potentialAction\":[{\"@type\":\"SearchAction\",\"target\":{\"@type\":\"EntryPoint\",\"urlTemplate\":\"https:\/\/chmc.es\/wordpress\/?s={search_term_string}\"},\"query-input\":{\"@type\":\"PropertyValueSpecification\",\"valueRequired\":true,\"valueName\":\"search_term_string\"}}],\"inLanguage\":\"es\"},{\"@type\":\"Organization\",\"@id\":\"https:\/\/chmc.es\/wordpress\/#organization\",\"name\":\"CHMC\",\"url\":\"https:\/\/chmc.es\/wordpress\/\",\"logo\":{\"@type\":\"ImageObject\",\"inLanguage\":\"es\",\"@id\":\"https:\/\/chmc.es\/wordpress\/#\/schema\/logo\/image\/\",\"url\":\"https:\/\/chmc.es\/wordpress\/wp-content\/uploads\/2025\/02\/chmc.jpg\",\"contentUrl\":\"https:\/\/chmc.es\/wordpress\/wp-content\/uploads\/2025\/02\/chmc.jpg\",\"width\":1080,\"height\":1080,\"caption\":\"CHMC\"},\"image\":{\"@id\":\"https:\/\/chmc.es\/wordpress\/#\/schema\/logo\/image\/\"}}]}<\/script>\n<!-- \/ Yoast SEO plugin. -->","yoast_head_json":{"title":"CHMC Cornell\u00e0 - Cuadro profesional - CHMC","robots":{"index":"index","follow":"follow","max-snippet":"max-snippet:-1","max-image-preview":"max-image-preview:large","max-video-preview":"max-video-preview:-1"},"canonical":"https:\/\/chmc.es\/wordpress\/chmc-cornella-cuadro-profesional\/","og_locale":"es_ES","og_type":"article","og_title":"CHMC Cornell\u00e0 - Cuadro profesional - CHMC","og_description":"Amanda Jacinto Escalona Antonio Murillo Blanca Granada Carla Galofr\u00e9 Celina Contreras Diana Rodr\u00edguez Esther Rosal\u00eda Mart\u00ednez Jon\u00e1s L\u00f3pez-Areal Marian Mesa Valladares Nayara Aranda Nina Dakota de Vilallonga i Perram\u00f3n Roger Xanc\u00f3 Rosa M\u00aa Gu\u00e0rdia Vasilik\u00ed Sparou\u00a0 Yanina Pepe Zanello Secretar\u00eda &hellip; Continuar","og_url":"https:\/\/chmc.es\/wordpress\/chmc-cornella-cuadro-profesional\/","og_site_name":"CHMC","article_modified_time":"2025-02-10T12:58:57+00:00","og_image":[{"width":2560,"height":1080,"url":"https:\/\/chmc.es\/wordpress\/wp-content\/uploads\/2025\/02\/Disseny-sense-titol-scaled.jpg","type":"image\/jpeg"}],"twitter_card":"summary_large_image","schema":{"@context":"https:\/\/schema.org","@graph":[{"@type":"WebPage","@id":"https:\/\/chmc.es\/wordpress\/chmc-cornella-cuadro-profesional\/","url":"https:\/\/chmc.es\/wordpress\/chmc-cornella-cuadro-profesional\/","name":"CHMC Cornell\u00e0 - Cuadro profesional - CHMC","isPartOf":{"@id":"https:\/\/chmc.es\/wordpress\/#website"},"datePublished":"2024-03-03T16:14:39+00:00","dateModified":"2025-02-10T12:58:57+00:00","breadcrumb":{"@id":"https:\/\/chmc.es\/wordpress\/chmc-cornella-cuadro-profesional\/#breadcrumb"},"inLanguage":"es","potentialAction":[{"@type":"ReadAction","target":["https:\/\/chmc.es\/wordpress\/chmc-cornella-cuadro-profesional\/"]}]},{"@type":"BreadcrumbList","@id":"https:\/\/chmc.es\/wordpress\/chmc-cornella-cuadro-profesional\/#breadcrumb","itemListElement":[{"@type":"ListItem","position":1,"name":"Portada","item":"https:\/\/chmc.es\/wordpress\/"},{"@type":"ListItem","position":2,"name":"CHMC Cornell\u00e0 &#8211; Cuadro profesional"}]},{"@type":"WebSite","@id":"https:\/\/chmc.es\/wordpress\/#website","url":"https:\/\/chmc.es\/wordpress\/","name":"CHMC","description":"PSICOLOGIA","publisher":{"@id":"https:\/\/chmc.es\/wordpress\/#organization"},"potentialAction":[{"@type":"SearchAction","target":{"@type":"EntryPoint","urlTemplate":"https:\/\/chmc.es\/wordpress\/?s={search_term_string}"},"query-input":{"@type":"PropertyValueSpecification","valueRequired":true,"valueName":"search_term_string"}}],"inLanguage":"es"},{"@type":"Organization","@id":"https:\/\/chmc.es\/wordpress\/#organization","name":"CHMC","url":"https:\/\/chmc.es\/wordpress\/","logo":{"@type":"ImageObject","inLanguage":"es","@id":"https:\/\/chmc.es\/wordpress\/#\/schema\/logo\/image\/","url":"https:\/\/chmc.es\/wordpress\/wp-content\/uploads\/2025\/02\/chmc.jpg","contentUrl":"https:\/\/chmc.es\/wordpress\/wp-content\/uploads\/2025\/02\/chmc.jpg","width":1080,"height":1080,"caption":"CHMC"},"image":{"@id":"https:\/\/chmc.es\/wordpress\/#\/schema\/logo\/image\/"}}]}},"_links":{"self":[{"href":"https:\/\/chmc.es\/wordpress\/wp-json\/wp\/v2\/pages\/679","targetHints":{"allow":["GET"]}}],"collection":[{"href":"https:\/\/chmc.es\/wordpress\/wp-json\/wp\/v2\/pages"}],"about":[{"href":"https:\/\/chmc.es\/wordpress\/wp-json\/wp\/v2\/types\/page"}],"author":[{"embeddable":true,"href":"https:\/\/chmc.es\/wordpress\/wp-json\/wp\/v2\/users\/1"}],"replies":[{"embeddable":true,"href":"https:\/\/chmc.es\/wordpress\/wp-json\/wp\/v2\/comments?post=679"}],"version-history":[{"count":5,"href":"https:\/\/chmc.es\/wordpress\/wp-json\/wp\/v2\/pages\/679\/revisions"}],"predecessor-version":[{"id":734,"href":"https:\/\/chmc.es\/wordpress\/wp-json\/wp\/v2\/pages\/679\/revisions\/734"}],"wp:attachment":[{"href":"https:\/\/chmc.es\/wordpress\/wp-json\/wp\/v2\/media?parent=679"}],"curies":[{"name":"wp","href":"https:\/\/api.w.org\/{rel}","templated":true}]}}